{"id":1271,"date":"2024-06-06T15:48:30","date_gmt":"2024-06-06T13:48:30","guid":{"rendered":"https:\/\/plural-words.eu\/le-projet\/"},"modified":"2025-09-15T12:37:56","modified_gmt":"2025-09-15T10:37:56","slug":"le-projet","status":"publish","type":"page","link":"https:\/\/plural-words.eu\/fr\/le-projet\/","title":{"rendered":"Le projet Plural Words"},"content":{"rendered":"\n<p>Aujourd&rsquo;hui, certaines personnes ont encore du mal \u00e0 communiquer. Par exemple, des personnes avec des difficult\u00e9s de langage, des troubles auditifs, un autisme, une trisomie, ou celles qui parlent une langue diff\u00e9rente. Pour elles, <strong>parler et comprendre les autres peut \u00eatre difficile<\/strong>.<\/p>\n\n<p>La Communication Alternative et Am\u00e9lior\u00e9e (CAA) est une m\u00e9thode qui aide ces personnes \u00e0 s&rsquo;exprimer. La CAA utilise des images, des gestes, ou des appareils high-tech et low-tech pour que tout le monde puisse se faire comprendre. Cela permet \u00e0 chacun de dire ce qu&rsquo;il ressent et ce dont il a besoin.<\/p>\n\n<p>Plural Words est un projet europ\u00e9en qui veut :<\/p>\n\n<ul class=\"wp-block-list\">\n<li><strong>Faire conna\u00eetre<\/strong> la CAA au grand public.<br\/><br\/><\/li>\n\n\n\n<li><strong>Changer l&rsquo;id\u00e9e<\/strong> que les gens ont des difficult\u00e9s de communication pour que ce soit <strong>plus accept\u00e9<\/strong>.<\/li>\n\n\n\n<li>Utiliser la CAA dans les <strong>\u00e9coles maternelles et primaires<\/strong> pour aider <strong>tous les enfants<\/strong>.<\/li>\n<\/ul>\n\n<h2 class=\"wp-block-heading\">Ce que font les partenaires du projet<\/h2>\n\n<p>Pour atteindre ces objectifs, le projet Plural Words cr\u00e9e diff\u00e9rentes ressources :<\/p>\n\n<ul class=\"wp-block-list\">\n<li><strong>Mallettes de CAA<\/strong> &#8211; Ce sont des bo\u00eetes avec du mat\u00e9riel pour aider \u00e0 la lecture, au calcul, et pour parler de la vie de tous les jours.<\/li>\n\n\n\n<li><strong>Un module d&rsquo;E-learning<\/strong> &#8211; C&rsquo;est un cours sur internet pour aider les enseignants \u00e0 mieux comprendre la CAA et les difficult\u00e9s de communication.<\/li>\n\n\n\n<li><strong>Un guide p\u00e9dagogique<\/strong> &#8211; Ce guide aide les professeurs des \u00e9coles maternelles et primaires \u00e0 apprendre la CAA.<\/li>\n\n\n\n<li><strong>9 fiches pratiques &#8211;<\/strong> Ces fiches montrent comment utiliser les kits CAA dans la vie quotidienne \u00e0 l&rsquo;\u00e9cole.<\/li>\n\n\n\n<li><strong>Des exemples de bonnes pratiques<\/strong> &#8211; Ce sont des histoires inspirantes de personnes et d&rsquo;organisations qui utilisent la CAA en Europe.<\/li>\n<\/ul>\n\n<p>Nous croyons qu&rsquo;apprendre \u00e0 communiquer d\u00e8s le plus jeune \u00e2ge est important pour inclure tous les enfants dans la soci\u00e9t\u00e9. Ainsi, ils pourront mieux s&rsquo;exprimer et \u00eatre plus autonomes.<\/p>\n\n<h2 class=\"wp-block-heading\">Soutien et financement<\/h2>\n\n<p>Plural Words est un projet financ\u00e9 par le programme Erasmus+ et Movetia.<\/p>\n\n<p>Erasmus+ est le programme de l\u2019Union europ\u00e9enne destin\u00e9 \u00e0 soutenir l\u2019\u00e9ducation, la formation, la jeunesse et le sport en Europe. Plus d&rsquo;informations sur <a href=\"https:\/\/erasmus-plus.ec.europa.eu\/\" target=\"_blank\" rel=\"noreferrer noopener\">https:\/\/erasmus-plus.ec.europa.eu\/<\/a>. <\/p>\n\n<p>Movetia soutient financi\u00e8rement les projets d\u2019\u00e9change, de mobilit\u00e9 et de coop\u00e9rations dans le syst\u00e8me \u00e9ducatif en Suisse et \u00e0 l\u2019international. Plus d&rsquo;informations sur <a href=\"https:\/\/movetia.ch\" data-type=\"link\" data-id=\"https:\/\/movetia.ch\" target=\"_blank\" rel=\"noreferrer noopener\">https:\/\/movetia.ch<\/a>. <\/p>\n","protected":false},"excerpt":{"rendered":"<p>Aujourd&rsquo;hui, certaines personnes ont encore du mal \u00e0 communiquer. Par exemple, des personnes avec des difficult\u00e9s de langage, des troubles auditifs, un autisme, une trisomie, ou celles qui parlent une langue diff\u00e9rente. Pour elles, parler et comprendre les autres peut \u00eatre difficile. La Communication Alternative et Am\u00e9lior\u00e9e (CAA) est une m\u00e9thode qui aide ces personnes [&hellip;]<\/p>\n","protected":false},"author":1,"featured_media":0,"parent":0,"menu_order":0,"comment_status":"closed","ping_status":"closed","template":"","meta":{"_acf_changed":false,"_et_pb_use_builder":"off","_et_pb_old_content":"","_et_gb_content_width":"","footnotes":""},"class_list":["post-1271","page","type-page","status-publish","hentry"],"acf":[],"_links":{"self":[{"href":"https:\/\/plural-words.eu\/fr\/wp-json\/wp\/v2\/pages\/1271","targetHints":{"allow":["GET"]}}],"collection":[{"href":"https:\/\/plural-words.eu\/fr\/wp-json\/wp\/v2\/pages"}],"about":[{"href":"https:\/\/plural-words.eu\/fr\/wp-json\/wp\/v2\/types\/page"}],"author":[{"embeddable":true,"href":"https:\/\/plural-words.eu\/fr\/wp-json\/wp\/v2\/users\/1"}],"replies":[{"embeddable":true,"href":"https:\/\/plural-words.eu\/fr\/wp-json\/wp\/v2\/comments?post=1271"}],"version-history":[{"count":16,"href":"https:\/\/plural-words.eu\/fr\/wp-json\/wp\/v2\/pages\/1271\/revisions"}],"predecessor-version":[{"id":5088,"href":"https:\/\/plural-words.eu\/fr\/wp-json\/wp\/v2\/pages\/1271\/revisions\/5088"}],"wp:attachment":[{"href":"https:\/\/plural-words.eu\/fr\/wp-json\/wp\/v2\/media?parent=1271"}],"curies":[{"name":"wp","href":"https:\/\/api.w.org\/{rel}","templated":true}]}}