{"id":1290,"date":"2024-06-06T15:48:52","date_gmt":"2024-06-06T13:48:52","guid":{"rendered":"https:\/\/plural-words.eu\/partneri\/"},"modified":"2025-05-06T11:54:14","modified_gmt":"2025-05-06T09:54:14","slug":"partneri","status":"publish","type":"page","link":"https:\/\/plural-words.eu\/hr\/partneri\/","title":{"rendered":"Partneri"},"content":{"rendered":"<p>[et_pb_section fb_built=&#8221;1&#8243; _builder_version=&#8221;4.25.1&#8243; _module_preset=&#8221;default&#8221; global_colors_info=&#8221;{}&#8221;][et_pb_row _builder_version=&#8221;4.25.1&#8243; _module_preset=&#8221;default&#8221; global_colors_info=&#8221;{}&#8221;][et_pb_column type=&#8221;4_4&#8243; _builder_version=&#8221;4.25.1&#8243; _module_preset=&#8221;default&#8221; global_colors_info=&#8221;{}&#8221;][et_pb_post_title _builder_version=&#8221;4.25.2&#8243; _module_preset=&#8221;34e9e634-2c29-41a2-9b54-bdfb0cfc3379&#8243; title_text_color_tablet=&#8221;#FF5B00&#8243; title_text_color_last_edited=&#8221;off|desktop&#8221; global_colors_info=&#8221;{}&#8221;][\/et_pb_post_title][\/et_pb_column][\/et_pb_row][et_pb_row column_structure=&#8221;1_3,2_3&#8243; _builder_version=&#8221;4.25.1&#8243; _module_preset=&#8221;default&#8221; custom_padding=&#8221;0px||100px||false|false&#8221; global_colors_info=&#8221;{}&#8221;][et_pb_column type=&#8221;1_3&#8243; _builder_version=&#8221;4.25.1&#8243; _module_preset=&#8221;default&#8221; global_colors_info=&#8221;{}&#8221;][et_pb_image src=&#8221;https:\/\/plural-words.eu\/wp-content\/uploads\/2024\/06\/lesapprimeurs.png&#8221; alt=&#8221;Les Apprimeurs&#8221; title_text=&#8221;lesapprimeurs&#8221; _builder_version=&#8221;4.25.1&#8243; _module_preset=&#8221;814679dd-6bfb-4f6f-baa3-671eb3cdaafb&#8221; global_colors_info=&#8221;{}&#8221;][\/et_pb_image][\/et_pb_column][et_pb_column type=&#8221;2_3&#8243; _builder_version=&#8221;4.25.1&#8243; _module_preset=&#8221;default&#8221; global_colors_info=&#8221;{}&#8221;][et_pb_text _builder_version=&#8221;4.25.2&#8243; _module_preset=&#8221;a521cfd3-fdf7-4eef-9dca-f9464af66f6d&#8221; global_colors_info=&#8221;{}&#8221;]<\/p>\n<h2>Les Apprimeurs<\/h2>\n<p><strong>Francuska<\/strong><\/p>\n<p>[\/et_pb_text][et_pb_text _builder_version=&#8221;4.25.2&#8243; _module_preset=&#8221;a521cfd3-fdf7-4eef-9dca-f9464af66f6d&#8221; text_text_color=&#8221;rgba(0,0,0,0.65)&#8221; max_width=&#8221;700px&#8221; custom_margin=&#8221;1rem||||false|false&#8221; global_colors_info=&#8221;{}&#8221;]<\/p>\n<p>Les Apprimeurs je francuska tvrtka specijalizirana za kreiranje digitalnih sadr\u017eaja u podru\u010dju obrazovanja, kulture i u\u010denja. Rade na poticanju temeljnih vje\u0161tina i omogu\u0107avanju pristupa znanju za svea, a kroz treninge, radionice, interaktivne e-knjige i razvoj razli\u010ditih platformi.&#8221;<\/p>\n<p>[\/et_pb_text][et_pb_button button_url=&#8221;https:\/\/lesapprimeurs.com&#8221; url_new_window=&#8221;on&#8221; button_text=&#8221;Saznajte vi\u0161e&#8221; _builder_version=&#8221;4.25.2&#8243; _module_preset=&#8221;59703af6-0dcc-4b40-9345-e0182a57e9bf&#8221; custom_margin=&#8221;30px||||false|false&#8221; global_colors_info=&#8221;{}&#8221;][\/et_pb_button][\/et_pb_column][\/et_pb_row][et_pb_row column_structure=&#8221;1_3,2_3&#8243; _builder_version=&#8221;4.25.1&#8243; _module_preset=&#8221;default&#8221; custom_padding=&#8221;100px||100px||true|false&#8221; border_width_top=&#8221;1px&#8221; border_color_top=&#8221;rgba(0,0,0,0.65)&#8221; global_colors_info=&#8221;{}&#8221;][et_pb_column type=&#8221;1_3&#8243; _builder_version=&#8221;4.25.1&#8243; _module_preset=&#8221;default&#8221; global_colors_info=&#8221;{}&#8221;][et_pb_image src=&#8221;https:\/\/plural-words.eu\/wp-content\/uploads\/2024\/06\/logopsycom.png&#8221; alt=&#8221;Logopsycom&#8221; title_text=&#8221;logopsycom&#8221; _builder_version=&#8221;4.25.1&#8243; _module_preset=&#8221;814679dd-6bfb-4f6f-baa3-671eb3cdaafb&#8221; global_colors_info=&#8221;{}&#8221;][\/et_pb_image][\/et_pb_column][et_pb_column type=&#8221;2_3&#8243; _builder_version=&#8221;4.25.1&#8243; _module_preset=&#8221;default&#8221; global_colors_info=&#8221;{}&#8221;][et_pb_text _builder_version=&#8221;4.25.1&#8243; _module_preset=&#8221;default&#8221; global_colors_info=&#8221;{}&#8221;]<\/p>\n<h2>Logopsycom<\/h2>\n<p><strong>Belgija<\/strong><\/p>\n<p>[\/et_pb_text][et_pb_text _builder_version=&#8221;4.27.4&#8243; _module_preset=&#8221;default&#8221; text_text_color=&#8221;rgba(0,0,0,0.65)&#8221; max_width=&#8221;700px&#8221; custom_margin=&#8221;1rem||||false|false&#8221; hover_enabled=&#8221;0&#8243; global_colors_info=&#8221;{}&#8221; sticky_enabled=&#8221;0&#8243;]<\/p>\n<p>Logopsycom je obrazovni inovativni centar koji osimi\u0161ljava i primjenjuje alternativne metode i tehnike (digitalne ili nedigitalne) u svrhu pru\u017eanja podr\u0161ke osnovnim i srednjim \u0161kolama, obrazovnim organizacijama, djeci i roditeljima. Utemeljena je prvenstveno kao organizacija koja pru\u017ea podr\u0161ku u podru\u010dju specifi\u010dnih te\u0161ko\u0107a u u\u010denju kod djece i mladih (disleksija, disgrafija, diskalkulija, dispraksija) te je i rad usmjeren na kreiranje pristupa\u010dnog sadr\u017eaja za u\u010denike koji imaju navedene te\u0161ko\u0107e. <\/p>\n<p>[\/et_pb_text][et_pb_button button_url=&#8221;https:\/\/logopsycom.com&#8221; url_new_window=&#8221;on&#8221; button_text=&#8221;Saznajte vi\u0161e&#8221; _builder_version=&#8221;4.25.1&#8243; _module_preset=&#8221;default&#8221; custom_margin=&#8221;30px||||false|false&#8221; global_colors_info=&#8221;{}&#8221;][\/et_pb_button][\/et_pb_column][\/et_pb_row][et_pb_row column_structure=&#8221;1_3,2_3&#8243; _builder_version=&#8221;4.25.1&#8243; _module_preset=&#8221;default&#8221; custom_padding=&#8221;100px||100px||true|false&#8221; border_width_top=&#8221;1px&#8221; border_color_top=&#8221;rgba(0,0,0,0.65)&#8221; global_colors_info=&#8221;{}&#8221;][et_pb_column type=&#8221;1_3&#8243; _builder_version=&#8221;4.25.1&#8243; _module_preset=&#8221;default&#8221; global_colors_info=&#8221;{}&#8221;][et_pb_image src=&#8221;https:\/\/plural-words.eu\/wp-content\/uploads\/2024\/06\/osnovna-skola-josipa-matosa-vukovar.png&#8221; alt=&#8221;Osnovna \u0161kola Josipa Mato\u0161a Vukovar&#8221; title_text=&#8221;osnovna-skola-josipa-matosa-vukovar&#8221; _builder_version=&#8221;4.25.1&#8243; _module_preset=&#8221;814679dd-6bfb-4f6f-baa3-671eb3cdaafb&#8221; global_colors_info=&#8221;{}&#8221;][\/et_pb_image][\/et_pb_column][et_pb_column type=&#8221;2_3&#8243; _builder_version=&#8221;4.25.1&#8243; _module_preset=&#8221;default&#8221; global_colors_info=&#8221;{}&#8221;][et_pb_text _builder_version=&#8221;4.25.1&#8243; _module_preset=&#8221;default&#8221; global_colors_info=&#8221;{}&#8221;]<\/p>\n<h2>Osnovna \u0161kola Josipa Mato\u0161a Vukovar<\/h2>\n<p><strong>Hrvatska<\/strong><\/p>\n<p>[\/et_pb_text][et_pb_text disabled_on=&#8221;on|on|on&#8221; _builder_version=&#8221;4.25.2&#8243; _module_preset=&#8221;default&#8221; text_text_color=&#8221;rgba(0,0,0,0.65)&#8221; max_width=&#8221;700px&#8221; custom_margin=&#8221;1rem||||false|false&#8221; disabled=&#8221;on&#8221; global_colors_info=&#8221;{}&#8221;]<\/p>\n<p>Euphoria Net je talijanska tvrtka specijalizirana za rad u podru\u010dju EU-a, a usmjerena je na planiranje me\u0111unarodnih projekata, te njihovu provedbu, diseminaciju i izvje\u0161\u0107ivanje. Euphoria Net je talijanska tvrtka specijalizirana za rad u podru\u010dju EU-a, a usmjerena je na planiranje me\u0111unarodnih projekata, te njihovu provedbu, diseminaciju i izvje\u0161\u0107ivanje.<\/p>\n<p>[\/et_pb_text][et_pb_button button_url=&#8221;http:\/\/os-jmatosa-vu.skole.hr&#8221; url_new_window=&#8221;on&#8221; button_text=&#8221;Saznajte vi\u0161e&#8221; _builder_version=&#8221;4.25.1&#8243; _module_preset=&#8221;default&#8221; custom_margin=&#8221;30px||||false|false&#8221; global_colors_info=&#8221;{}&#8221;][\/et_pb_button][\/et_pb_column][\/et_pb_row][et_pb_row column_structure=&#8221;1_3,2_3&#8243; _builder_version=&#8221;4.25.1&#8243; _module_preset=&#8221;default&#8221; custom_padding=&#8221;100px||100px||true|false&#8221; border_width_top=&#8221;1px&#8221; border_color_top=&#8221;rgba(0,0,0,0.65)&#8221; global_colors_info=&#8221;{}&#8221;][et_pb_column type=&#8221;1_3&#8243; _builder_version=&#8221;4.25.1&#8243; _module_preset=&#8221;default&#8221; global_colors_info=&#8221;{}&#8221;][et_pb_image src=&#8221;https:\/\/plural-words.eu\/wp-content\/uploads\/2024\/06\/liceul-tehnologic-special-pentru-deficienti-de-auz-cluj-napoca.png&#8221; alt=&#8221;Liceul Tehnologic Special pentru Deficienti de Auz Cluj-Napoca&#8221; title_text=&#8221;liceul-tehnologic-special-pentru-deficienti-de-auz -cluj-napoca&#8221; _builder_version=&#8221;4.25.1&#8243; _module_preset=&#8221;814679dd-6bfb-4f6f-baa3-671eb3cdaafb&#8221; global_colors_info=&#8221;{}&#8221;][\/et_pb_image][\/et_pb_column][et_pb_column type=&#8221;2_3&#8243; _builder_version=&#8221;4.25.1&#8243; _module_preset=&#8221;default&#8221; global_colors_info=&#8221;{}&#8221;][et_pb_text _builder_version=&#8221;4.25.1&#8243; _module_preset=&#8221;default&#8221; global_colors_info=&#8221;{}&#8221;]<\/p>\n<h2>Liceul Tehnologic Special pentru Deficienti de Auz Cluj-Napoca<\/h2>\n<p><strong>Rumunjska<\/strong><\/p>\n<p>[\/et_pb_text][et_pb_text disabled_on=&#8221;off|off|off&#8221; _builder_version=&#8221;4.25.2&#8243; _module_preset=&#8221;default&#8221; text_text_color=&#8221;rgba(0,0,0,0.65)&#8221; max_width=&#8221;700px&#8221; custom_margin=&#8221;1rem||||false|false&#8221; global_colors_info=&#8221;{}&#8221;]<\/p>\n<p>Liceul Tehnologic Special pentru Deficien\u021bi de Auz Cluj-Napoca javna je ustanova s \u200b\u200bvi\u0161e od 135 godina iskustva u podru\u010dju obrazovanja i rehabilitacije djece s o\u0161te\u0107enjem sluha i\/ili dodatnim invaliditetom. Nudi obrazovne i terapijske usluge za djecu i u\u010denike od rane intervencije do srednje \u0161kole: obrazovne programe, specifi\u010dne terapijske aktivnosti, kompleksne i integrirane terapije, izvannastavne aktivnosti (volontiranje, razmjene mladih putem Erasmus+ projekata, rad u zajednici, razvoj poduzetni\u0161tva, umjetni\u010dki i sportski vje\u0161tine). Ovisno o posebnostima invaliditeta, edukacijski pristup kombinira slu\u0161no-verbalnu terapiju, znakovni jezik, daktilsko pismo, \u010ditanje s usana i potpunu komunikaciju. Aktivnosti koje se razvijaju unutar ustanove zadovoljavaju obrazovne, emocionalne i socijalne potrebe djece i u\u010denika kako bi se omogu\u0107ila \u0161to bolja socijalna integracija.<\/p>\n<p>[\/et_pb_text][et_pb_button button_url=&#8221;http:\/\/www.licdefauzcluj.ro&#8221; url_new_window=&#8221;on&#8221; button_text=&#8221;Saznajte vi\u0161e&#8221; _builder_version=&#8221;4.25.1&#8243; _module_preset=&#8221;default&#8221; custom_margin=&#8221;30px||||false|false&#8221; global_colors_info=&#8221;{}&#8221;][\/et_pb_button][\/et_pb_column][\/et_pb_row][et_pb_row column_structure=&#8221;1_3,2_3&#8243; _builder_version=&#8221;4.25.1&#8243; _module_preset=&#8221;default&#8221; custom_padding=&#8221;100px||100px||true|false&#8221; border_width_top=&#8221;1px&#8221; border_color_top=&#8221;rgba(0,0,0,0.65)&#8221; global_colors_info=&#8221;{}&#8221;][et_pb_column type=&#8221;1_3&#8243; _builder_version=&#8221;4.25.1&#8243; _module_preset=&#8221;default&#8221; global_colors_info=&#8221;{}&#8221;][et_pb_image src=&#8221;https:\/\/plural-words.eu\/wp-content\/uploads\/2024\/06\/specjalny-osrodek-szkolno-wychowawczy-im-unicef-w-slupsku.png&#8221; alt=&#8221;Specjalny O\u015brodek Szkolno-Wychowawczy im. UNICEF w S\u0142upsku&#8221; title_text=&#8221;specjalny-osrodek-szkolno-wychowawczy-im-unicef-w-slupsku&#8221; _builder_version=&#8221;4.25.1&#8243; _module_preset=&#8221;814679dd-6bfb-4f6f-baa3-671eb3cdaafb&#8221; global_colors_info=&#8221;{}&#8221;][\/et_pb_image][\/et_pb_column][et_pb_column type=&#8221;2_3&#8243; _builder_version=&#8221;4.25.1&#8243; _module_preset=&#8221;default&#8221; global_colors_info=&#8221;{}&#8221;][et_pb_text _builder_version=&#8221;4.25.1&#8243; _module_preset=&#8221;default&#8221; global_colors_info=&#8221;{}&#8221;]<\/p>\n<h2>Specjalny O\u015brodek Szkolno-Wychowawczy im. UNICEF w S\u0142upsku<\/h2>\n<p><strong>Poljska<\/strong><\/p>\n<p>[\/et_pb_text][et_pb_text disabled_on=&#8221;on|on|on&#8221; _builder_version=&#8221;4.25.2&#8243; _module_preset=&#8221;default&#8221; text_text_color=&#8221;rgba(0,0,0,0.65)&#8221; max_width=&#8221;700px&#8221; custom_margin=&#8221;1rem||||false|false&#8221; disabled=&#8221;on&#8221; global_colors_info=&#8221;{}&#8221;]<\/p>\n<p>Euphoria Net je talijanska tvrtka specijalizirana za rad u podru\u010dju EU-a, a usmjerena je na planiranje me\u0111unarodnih projekata, te njihovu provedbu, diseminaciju i izvje\u0161\u0107ivanje. Euphoria Net je talijanska tvrtka specijalizirana za rad u podru\u010dju EU-a, a usmjerena je na planiranje me\u0111unarodnih projekata, te njihovu provedbu, diseminaciju i izvje\u0161\u0107ivanje.<\/p>\n<p>[\/et_pb_text][et_pb_button button_url=&#8221;https:\/\/www.sosw.slupsk.pl&#8221; url_new_window=&#8221;on&#8221; button_text=&#8221;Saznajte vi\u0161e&#8221; _builder_version=&#8221;4.25.1&#8243; _module_preset=&#8221;default&#8221; custom_margin=&#8221;30px||||false|false&#8221; global_colors_info=&#8221;{}&#8221;][\/et_pb_button][\/et_pb_column][\/et_pb_row][et_pb_row column_structure=&#8221;1_3,2_3&#8243; _builder_version=&#8221;4.25.1&#8243; _module_preset=&#8221;default&#8221; custom_padding=&#8221;100px||100px||true|false&#8221; border_width_top=&#8221;1px&#8221; border_color_top=&#8221;rgba(0,0,0,0.65)&#8221; global_colors_info=&#8221;{}&#8221;][et_pb_column type=&#8221;1_3&#8243; _builder_version=&#8221;4.25.1&#8243; _module_preset=&#8221;default&#8221; global_colors_info=&#8221;{}&#8221;][et_pb_image src=&#8221;https:\/\/plural-words.eu\/wp-content\/uploads\/2024\/06\/euphoria.png&#8221; alt=&#8221;Euphoria Net&#8221; title_text=&#8221;euphoria&#8221; _builder_version=&#8221;4.25.1&#8243; _module_preset=&#8221;814679dd-6bfb-4f6f-baa3-671eb3cdaafb&#8221; global_colors_info=&#8221;{}&#8221;][\/et_pb_image][\/et_pb_column][et_pb_column type=&#8221;2_3&#8243; _builder_version=&#8221;4.25.1&#8243; _module_preset=&#8221;default&#8221; global_colors_info=&#8221;{}&#8221;][et_pb_text _builder_version=&#8221;4.25.1&#8243; _module_preset=&#8221;default&#8221; global_colors_info=&#8221;{}&#8221;]<\/p>\n<h2>Euphoria Net Srl<\/h2>\n<p><strong>Italija<\/strong><\/p>\n<p>[\/et_pb_text][et_pb_text disabled_on=&#8221;off|off|off&#8221; _builder_version=&#8221;4.27.4&#8243; _module_preset=&#8221;default&#8221; text_text_color=&#8221;rgba(0,0,0,0.65)&#8221; max_width=&#8221;700px&#8221; custom_margin=&#8221;1rem||||false|false&#8221; hover_enabled=&#8221;0&#8243; global_colors_info=&#8221;{}&#8221; sticky_enabled=&#8221;0&#8243;]<\/p>\n<p>Euphoria Net je talijanska tvrtka specijalizirana za rad u podru\u010dju EU-a, a usmjerena je na planiranje me\u0111unarodnih projekata, te njihovu provedbu, diseminaciju i izvje\u0161\u0107ivanje. Uz stru\u010dnost u inovativnim obrazovnim resursima i personaliziranom u\u010denju, naglasak je i na potrebama krajnjih korisnika. Aktivno sudjelujemo u razvijanju projekata, nagla\u0161avaju\u0107i pedago\u0161ke resurse i aktualnosti u digitalnom obrazovnom okru\u017eenju.  <\/p>\n<p>[\/et_pb_text][et_pb_button button_url=&#8221;https:\/\/euphorianet.it&#8221; url_new_window=&#8221;on&#8221; button_text=&#8221;Saznajte vi\u0161e&#8221; _builder_version=&#8221;4.25.1&#8243; _module_preset=&#8221;default&#8221; custom_margin=&#8221;30px||||false|false&#8221; global_colors_info=&#8221;{}&#8221;][\/et_pb_button][\/et_pb_column][\/et_pb_row][et_pb_row _builder_version=&#8221;4.25.1&#8243; _module_preset=&#8221;default&#8221; custom_padding=&#8221;100px||0px||false|false&#8221; border_width_top=&#8221;1px&#8221; border_color_top=&#8221;rgba(0,0,0,0.65)&#8221; global_colors_info=&#8221;{}&#8221;][et_pb_column type=&#8221;4_4&#8243; _builder_version=&#8221;4.25.1&#8243; _module_preset=&#8221;default&#8221; global_colors_info=&#8221;{}&#8221;][et_pb_text _builder_version=&#8221;4.25.1&#8243; _module_preset=&#8221;default&#8221; global_colors_info=&#8221;{}&#8221;]<\/p>\n<h2>Pridru\u017eeni partneri<strong><\/strong><\/h2>\n<p>[\/et_pb_text][\/et_pb_column][\/et_pb_row][et_pb_row column_structure=&#8221;1_3,2_3&#8243; _builder_version=&#8221;4.25.1&#8243; _module_preset=&#8221;default&#8221; custom_padding=&#8221;100px||0px||false|false&#8221; global_colors_info=&#8221;{}&#8221;][et_pb_column type=&#8221;1_3&#8243; _builder_version=&#8221;4.25.1&#8243; _module_preset=&#8221;default&#8221; global_colors_info=&#8221;{}&#8221;][et_pb_image src=&#8221;https:\/\/plural-words.eu\/wp-content\/uploads\/2024\/06\/montessori-rive-gauche.png&#8221; alt=&#8221;Montessori Rive Gauche&#8221; title_text=&#8221;montessori-rive-gauche&#8221; _builder_version=&#8221;4.25.1&#8243; _module_preset=&#8221;814679dd-6bfb-4f6f-baa3-671eb3cdaafb&#8221; global_colors_info=&#8221;{}&#8221;][\/et_pb_image][\/et_pb_column][et_pb_column type=&#8221;2_3&#8243; _builder_version=&#8221;4.25.1&#8243; _module_preset=&#8221;default&#8221; global_colors_info=&#8221;{}&#8221;][et_pb_text _builder_version=&#8221;4.25.2&#8243; _module_preset=&#8221;default&#8221; global_colors_info=&#8221;{}&#8221;]<\/p>\n<h3>Montessori rive gauche<\/h3>\n<p><strong>\u0160vicarska<\/strong><\/p>\n<p>[\/et_pb_text][et_pb_text _builder_version=&#8221;4.25.2&#8243; _module_preset=&#8221;default&#8221; text_text_color=&#8221;rgba(0,0,0,0.65)&#8221; max_width=&#8221;700px&#8221; custom_margin=&#8221;1rem||||false|false&#8221; global_colors_info=&#8221;{}&#8221;]<\/p>\n<p>Montessori Rive Gauche se uklju\u010dio u projekt kao pridru\u017eeni partner, zahvaljuju\u0107i financiranju Movetia.<\/p>\n<p>[\/et_pb_text][et_pb_button button_url=&#8221;https:\/\/www.montessori-rive-gauche.ch&#8221; url_new_window=&#8221;on&#8221; button_text=&#8221;Saznajte vi\u0161e&#8221; _builder_version=&#8221;4.25.1&#8243; _module_preset=&#8221;default&#8221; custom_margin=&#8221;30px||||false|false&#8221; global_colors_info=&#8221;{}&#8221;][\/et_pb_button][\/et_pb_column][\/et_pb_row][\/et_pb_section]<\/p>\n","protected":false},"excerpt":{"rendered":"<p>Les Apprimeurs FrancuskaLes Apprimeurs je francuska tvrtka specijalizirana za kreiranje digitalnih sadr\u017eaja u podru\u010dju obrazovanja, kulture i u\u010denja. Rade na poticanju temeljnih vje\u0161tina i omogu\u0107avanju pristupa znanju za svea, a kroz treninge, radionice, interaktivne e-knjige i razvoj razli\u010ditih platformi.&#8221;Logopsycom BelgijaLogopsycom je obrazovni inovativni centar koji osimi\u0161ljava i primjenjuje alternativne metode i tehnike (digitalne ili nedigitalne) [&hellip;]<\/p>\n","protected":false},"author":1,"featured_media":0,"parent":0,"menu_order":0,"comment_status":"closed","ping_status":"closed","template":"","meta":{"_acf_changed":false,"_et_pb_use_builder":"on","_et_pb_old_content":"","_et_gb_content_width":"","footnotes":""},"class_list":["post-1290","page","type-page","status-publish","hentry"],"acf":[],"_links":{"self":[{"href":"https:\/\/plural-words.eu\/hr\/wp-json\/wp\/v2\/pages\/1290","targetHints":{"allow":["GET"]}}],"collection":[{"href":"https:\/\/plural-words.eu\/hr\/wp-json\/wp\/v2\/pages"}],"about":[{"href":"https:\/\/plural-words.eu\/hr\/wp-json\/wp\/v2\/types\/page"}],"author":[{"embeddable":true,"href":"https:\/\/plural-words.eu\/hr\/wp-json\/wp\/v2\/users\/1"}],"replies":[{"embeddable":true,"href":"https:\/\/plural-words.eu\/hr\/wp-json\/wp\/v2\/comments?post=1290"}],"version-history":[{"count":8,"href":"https:\/\/plural-words.eu\/hr\/wp-json\/wp\/v2\/pages\/1290\/revisions"}],"predecessor-version":[{"id":3013,"href":"https:\/\/plural-words.eu\/hr\/wp-json\/wp\/v2\/pages\/1290\/revisions\/3013"}],"wp:attachment":[{"href":"https:\/\/plural-words.eu\/hr\/wp-json\/wp\/v2\/media?parent=1290"}],"curies":[{"name":"wp","href":"https:\/\/api.w.org\/{rel}","templated":true}]}}