{"id":1309,"date":"2024-06-06T15:48:52","date_gmt":"2024-06-06T13:48:52","guid":{"rendered":"https:\/\/plural-words.eu\/il-partenariato\/"},"modified":"2025-05-06T11:55:47","modified_gmt":"2025-05-06T09:55:47","slug":"il-partenariato","status":"publish","type":"page","link":"https:\/\/plural-words.eu\/it\/il-partenariato\/","title":{"rendered":"Il partenariato"},"content":{"rendered":"<p>[et_pb_section fb_built=&#8221;1&#8243; _builder_version=&#8221;4.25.1&#8243; _module_preset=&#8221;default&#8221; global_colors_info=&#8221;{}&#8221;][et_pb_row _builder_version=&#8221;4.25.1&#8243; _module_preset=&#8221;default&#8221; global_colors_info=&#8221;{}&#8221;][et_pb_column type=&#8221;4_4&#8243; _builder_version=&#8221;4.25.1&#8243; _module_preset=&#8221;default&#8221; global_colors_info=&#8221;{}&#8221;][et_pb_post_title _builder_version=&#8221;4.25.2&#8243; _module_preset=&#8221;34e9e634-2c29-41a2-9b54-bdfb0cfc3379&#8243; title_text_color_tablet=&#8221;#FF5B00&#8243; title_text_color_last_edited=&#8221;off|desktop&#8221; global_colors_info=&#8221;{}&#8221;][\/et_pb_post_title][\/et_pb_column][\/et_pb_row][et_pb_row column_structure=&#8221;1_3,2_3&#8243; _builder_version=&#8221;4.25.1&#8243; _module_preset=&#8221;default&#8221; custom_padding=&#8221;0px||100px||false|false&#8221; global_colors_info=&#8221;{}&#8221;][et_pb_column type=&#8221;1_3&#8243; _builder_version=&#8221;4.25.1&#8243; _module_preset=&#8221;default&#8221; global_colors_info=&#8221;{}&#8221;][et_pb_image src=&#8221;https:\/\/plural-words.eu\/wp-content\/uploads\/2024\/06\/lesapprimeurs.png&#8221; alt=&#8221;Les Apprimeurs&#8221; title_text=&#8221;lesapprimeurs&#8221; _builder_version=&#8221;4.25.1&#8243; _module_preset=&#8221;814679dd-6bfb-4f6f-baa3-671eb3cdaafb&#8221; global_colors_info=&#8221;{}&#8221;][\/et_pb_image][\/et_pb_column][et_pb_column type=&#8221;2_3&#8243; _builder_version=&#8221;4.25.1&#8243; _module_preset=&#8221;default&#8221; global_colors_info=&#8221;{}&#8221;][et_pb_text _builder_version=&#8221;4.25.2&#8243; _module_preset=&#8221;a521cfd3-fdf7-4eef-9dca-f9464af66f6d&#8221; global_colors_info=&#8221;{}&#8221;]<\/p>\n<h2>Les Apprimeurs<\/h2>\n<p><strong>Francia<\/strong><\/p>\n<p>[\/et_pb_text][et_pb_text _builder_version=&#8221;4.25.2&#8243; _module_preset=&#8221;a521cfd3-fdf7-4eef-9dca-f9464af66f6d&#8221; text_text_color=&#8221;rgba(0,0,0,0.65)&#8221; max_width=&#8221;700px&#8221; custom_margin=&#8221;1rem||||false|false&#8221; global_colors_info=&#8221;{}&#8221;]<\/p>\n<p>Les Apprimeurs \u00e8 una societ\u00e0 francese specializzata nella creazione di soluzioni digitali su misura per i settori dell&#8217;istruzione, della cultura e della formazione. Lavoriamo per promuovere le competenze di base e trasversali e l&#8217;accesso alla conoscenza per tutti attraverso corsi di formazione, workshop, ebook interattivi e sviluppo di piattaforme.<\/p>\n<p>[\/et_pb_text][et_pb_button button_url=&#8221;https:\/\/lesapprimeurs.com&#8221; url_new_window=&#8221;on&#8221; button_text=&#8221;Scopri di pi\u00f9&#8221; _builder_version=&#8221;4.25.2&#8243; _module_preset=&#8221;59703af6-0dcc-4b40-9345-e0182a57e9bf&#8221; custom_margin=&#8221;30px||||false|false&#8221; global_colors_info=&#8221;{}&#8221;][\/et_pb_button][\/et_pb_column][\/et_pb_row][et_pb_row column_structure=&#8221;1_3,2_3&#8243; _builder_version=&#8221;4.25.1&#8243; _module_preset=&#8221;default&#8221; custom_padding=&#8221;100px||100px||true|false&#8221; border_width_top=&#8221;1px&#8221; border_color_top=&#8221;rgba(0,0,0,0.65)&#8221; global_colors_info=&#8221;{}&#8221;][et_pb_column type=&#8221;1_3&#8243; _builder_version=&#8221;4.25.1&#8243; _module_preset=&#8221;default&#8221; global_colors_info=&#8221;{}&#8221;][et_pb_image src=&#8221;https:\/\/plural-words.eu\/wp-content\/uploads\/2024\/06\/logopsycom.png&#8221; alt=&#8221;Logopsycom&#8221; title_text=&#8221;logopsycom&#8221; _builder_version=&#8221;4.25.1&#8243; _module_preset=&#8221;814679dd-6bfb-4f6f-baa3-671eb3cdaafb&#8221; global_colors_info=&#8221;{}&#8221;][\/et_pb_image][\/et_pb_column][et_pb_column type=&#8221;2_3&#8243; _builder_version=&#8221;4.25.1&#8243; _module_preset=&#8221;default&#8221; global_colors_info=&#8221;{}&#8221;][et_pb_text _builder_version=&#8221;4.25.1&#8243; _module_preset=&#8221;default&#8221; global_colors_info=&#8221;{}&#8221;]<\/p>\n<h2>Logopsycom<\/h2>\n<p><strong>Belgio<\/strong><\/p>\n<p>[\/et_pb_text][et_pb_text _builder_version=&#8221;4.27.4&#8243; _module_preset=&#8221;default&#8221; text_text_color=&#8221;rgba(0,0,0,0.65)&#8221; max_width=&#8221;700px&#8221; custom_margin=&#8221;1rem||||false|false&#8221; hover_enabled=&#8221;0&#8243; global_colors_info=&#8221;{}&#8221; sticky_enabled=&#8221;0&#8243;]<\/p>\n<p>Logopsycom \u00e8 un centro di innovazione educativa che crea e utilizza metodi o strumenti alternativi (digitali e non) per accompagnare scuole, centri di formazione professionale, organizzazioni educative, giovani e genitori. \u00c8 nata inizialmente come azienda di assistenza, specializzata nei disturbi dell\u2019apprendimento dei giovani, in particolare nei \u201cDys\u201d (Disprassia, Disfasia, Dislessia, ecc.), chiamati anche Disturbi Specifici dell\u2019Apprendimento (DSA) e quindi lavora sempre sull\u2019accessibilit\u00e0 dei contenuti. <\/p>\n<p>[\/et_pb_text][et_pb_button button_url=&#8221;https:\/\/logopsycom.com&#8221; url_new_window=&#8221;on&#8221; button_text=&#8221;Scopri di pi\u00f9&#8221; _builder_version=&#8221;4.25.1&#8243; _module_preset=&#8221;default&#8221; custom_margin=&#8221;30px||||false|false&#8221; global_colors_info=&#8221;{}&#8221;][\/et_pb_button][\/et_pb_column][\/et_pb_row][et_pb_row column_structure=&#8221;1_3,2_3&#8243; _builder_version=&#8221;4.25.1&#8243; _module_preset=&#8221;default&#8221; custom_padding=&#8221;100px||100px||true|false&#8221; border_width_top=&#8221;1px&#8221; border_color_top=&#8221;rgba(0,0,0,0.65)&#8221; global_colors_info=&#8221;{}&#8221;][et_pb_column type=&#8221;1_3&#8243; _builder_version=&#8221;4.25.1&#8243; _module_preset=&#8221;default&#8221; global_colors_info=&#8221;{}&#8221;][et_pb_image src=&#8221;https:\/\/plural-words.eu\/wp-content\/uploads\/2024\/06\/osnovna-skola-josipa-matosa-vukovar.png&#8221; alt=&#8221;Osnovna \u0161kola Josipa Mato\u0161a Vukovar&#8221; title_text=&#8221;osnovna-skola-josipa-matosa-vukovar&#8221; _builder_version=&#8221;4.25.1&#8243; _module_preset=&#8221;814679dd-6bfb-4f6f-baa3-671eb3cdaafb&#8221; global_colors_info=&#8221;{}&#8221;][\/et_pb_image][\/et_pb_column][et_pb_column type=&#8221;2_3&#8243; _builder_version=&#8221;4.25.1&#8243; _module_preset=&#8221;default&#8221; global_colors_info=&#8221;{}&#8221;][et_pb_text _builder_version=&#8221;4.25.1&#8243; _module_preset=&#8221;default&#8221; global_colors_info=&#8221;{}&#8221;]<\/p>\n<h2>Osnovna \u0161kola Josipa Mato\u0161a Vukovar<\/h2>\n<p><strong>Croazia<\/strong><\/p>\n<p>[\/et_pb_text][et_pb_text disabled_on=&#8221;on|on|on&#8221; _builder_version=&#8221;4.25.2&#8243; _module_preset=&#8221;default&#8221; text_text_color=&#8221;rgba(0,0,0,0.65)&#8221; max_width=&#8221;700px&#8221; custom_margin=&#8221;1rem||||false|false&#8221; disabled=&#8221;on&#8221; global_colors_info=&#8221;{}&#8221;]<\/p>\n<p>Euphoria Net \u00e8 un&#8217;azienda italiana specializzata nelle opportunit\u00e0 dell&#8217;UE, che si concentra sulla pianificazione, l&#8217;attuazione, la diffusione e la rendicontazione di progetti internazionali. Euphoria Net \u00e8 un&#8217;azienda italiana specializzata nelle opportunit\u00e0 dell&#8217;UE, che si concentra sulla pianificazione, l&#8217;attuazione, la diffusione e la rendicontazione di progetti internazionali.<\/p>\n<p>[\/et_pb_text][et_pb_button button_url=&#8221;http:\/\/os-jmatosa-vu.skole.hr&#8221; url_new_window=&#8221;on&#8221; button_text=&#8221;Scopri di pi\u00f9&#8221; _builder_version=&#8221;4.25.1&#8243; _module_preset=&#8221;default&#8221; custom_margin=&#8221;30px||||false|false&#8221; global_colors_info=&#8221;{}&#8221;][\/et_pb_button][\/et_pb_column][\/et_pb_row][et_pb_row column_structure=&#8221;1_3,2_3&#8243; _builder_version=&#8221;4.25.1&#8243; _module_preset=&#8221;default&#8221; custom_padding=&#8221;100px||100px||true|false&#8221; border_width_top=&#8221;1px&#8221; border_color_top=&#8221;rgba(0,0,0,0.65)&#8221; global_colors_info=&#8221;{}&#8221;][et_pb_column type=&#8221;1_3&#8243; _builder_version=&#8221;4.25.1&#8243; _module_preset=&#8221;default&#8221; global_colors_info=&#8221;{}&#8221;][et_pb_image src=&#8221;https:\/\/plural-words.eu\/wp-content\/uploads\/2024\/06\/liceul-tehnologic-special-pentru-deficienti-de-auz-cluj-napoca.png&#8221; alt=&#8221;Liceul Tehnologic Special pentru Deficienti de Auz Cluj-Napoca&#8221; title_text=&#8221;liceul-tehnologic-special-pentru-deficienti-de-auz -cluj-napoca&#8221; _builder_version=&#8221;4.25.1&#8243; _module_preset=&#8221;814679dd-6bfb-4f6f-baa3-671eb3cdaafb&#8221; global_colors_info=&#8221;{}&#8221;][\/et_pb_image][\/et_pb_column][et_pb_column type=&#8221;2_3&#8243; _builder_version=&#8221;4.25.1&#8243; _module_preset=&#8221;default&#8221; global_colors_info=&#8221;{}&#8221;][et_pb_text _builder_version=&#8221;4.25.1&#8243; _module_preset=&#8221;default&#8221; global_colors_info=&#8221;{}&#8221;]<\/p>\n<h2>Liceul Tehnologic Special pentru Deficienti de Auz Cluj-Napoca<\/h2>\n<p><strong>Romania<\/strong><\/p>\n<p>[\/et_pb_text][et_pb_text disabled_on=&#8221;off|off|off&#8221; _builder_version=&#8221;4.25.2&#8243; _module_preset=&#8221;default&#8221; text_text_color=&#8221;rgba(0,0,0,0.65)&#8221; max_width=&#8221;700px&#8221; custom_margin=&#8221;1rem||||false|false&#8221; global_colors_info=&#8221;{}&#8221;]<\/p>\n<p>Il Liceul Tehnologic Special pentru Deficien\u021bi de Auz Cluj-Napoca \u00e8 un&#8217;istituzione pubblica con oltre 135 anni di esperienza nel campo dell&#8217;educazione e della riabilitazione di bambini con problemi di udito e\/o disabilit\u00e0 aggiuntive. Offre servizi educativi e terapeutici per bambini e studenti dalla prima infanzia alle scuole superiori: programmi educativi, attivit\u00e0 terapeutiche specifiche, terapie complesse e integrate, attivit\u00e0 extrascolastiche (volontariato, scambi giovanili tramite progetti Erasmus+, lavoro comunitario, sviluppo dell&#8217;imprenditorialit\u00e0, competenze artistiche e sportive). A seconda delle particolarit\u00e0 della disabilit\u00e0, l&#8217;approccio educativo combina la terapia uditivo-verbale, il linguaggio dei segni, l&#8217;alfabeto dattilico, la lettura labiale e la comunicazione totale. Le attivit\u00e0 sviluppate all&#8217;interno dell&#8217;istituto rispondono alle esigenze educative, emotive e sociali dei bambini e degli studenti per favorire la migliore integrazione sociale possibile.<\/p>\n<p>[\/et_pb_text][et_pb_button button_url=&#8221;http:\/\/www.licdefauzcluj.ro&#8221; url_new_window=&#8221;on&#8221; button_text=&#8221;Scopri di pi\u00f9&#8221; _builder_version=&#8221;4.25.1&#8243; _module_preset=&#8221;default&#8221; custom_margin=&#8221;30px||||false|false&#8221; global_colors_info=&#8221;{}&#8221;][\/et_pb_button][\/et_pb_column][\/et_pb_row][et_pb_row column_structure=&#8221;1_3,2_3&#8243; _builder_version=&#8221;4.25.1&#8243; _module_preset=&#8221;default&#8221; custom_padding=&#8221;100px||100px||true|false&#8221; border_width_top=&#8221;1px&#8221; border_color_top=&#8221;rgba(0,0,0,0.65)&#8221; global_colors_info=&#8221;{}&#8221;][et_pb_column type=&#8221;1_3&#8243; _builder_version=&#8221;4.25.1&#8243; _module_preset=&#8221;default&#8221; global_colors_info=&#8221;{}&#8221;][et_pb_image src=&#8221;https:\/\/plural-words.eu\/wp-content\/uploads\/2024\/06\/specjalny-osrodek-szkolno-wychowawczy-im-unicef-w-slupsku.png&#8221; alt=&#8221;Specjalny O\u015brodek Szkolno-Wychowawczy im. UNICEF w S\u0142upsku&#8221; title_text=&#8221;specjalny-osrodek-szkolno-wychowawczy-im-unicef-w-slupsku&#8221; _builder_version=&#8221;4.25.1&#8243; _module_preset=&#8221;814679dd-6bfb-4f6f-baa3-671eb3cdaafb&#8221; global_colors_info=&#8221;{}&#8221;][\/et_pb_image][\/et_pb_column][et_pb_column type=&#8221;2_3&#8243; _builder_version=&#8221;4.25.1&#8243; _module_preset=&#8221;default&#8221; global_colors_info=&#8221;{}&#8221;][et_pb_text _builder_version=&#8221;4.25.1&#8243; _module_preset=&#8221;default&#8221; global_colors_info=&#8221;{}&#8221;]<\/p>\n<h2>Specjalny O\u015brodek Szkolno-Wychowawczy im. UNICEF w S\u0142upsku<\/h2>\n<p><strong>Polonia<\/strong><\/p>\n<p>[\/et_pb_text][et_pb_text disabled_on=&#8221;on|on|on&#8221; _builder_version=&#8221;4.25.2&#8243; _module_preset=&#8221;default&#8221; text_text_color=&#8221;rgba(0,0,0,0.65)&#8221; max_width=&#8221;700px&#8221; custom_margin=&#8221;1rem||||false|false&#8221; disabled=&#8221;on&#8221; global_colors_info=&#8221;{}&#8221;]<\/p>\n<p>Euphoria Net \u00e8 un&#8217;azienda italiana specializzata nelle opportunit\u00e0 dell&#8217;UE, che si concentra sulla pianificazione, l&#8217;attuazione, la diffusione e la rendicontazione di progetti internazionali. Euphoria Net \u00e8 un&#8217;azienda italiana specializzata nelle opportunit\u00e0 dell&#8217;UE, che si concentra sulla pianificazione, l&#8217;attuazione, la diffusione e la rendicontazione di progetti internazionali.<\/p>\n<p>[\/et_pb_text][et_pb_button button_url=&#8221;https:\/\/www.sosw.slupsk.pl&#8221; url_new_window=&#8221;on&#8221; button_text=&#8221;Scopri di pi\u00f9&#8221; _builder_version=&#8221;4.25.1&#8243; _module_preset=&#8221;default&#8221; custom_margin=&#8221;30px||||false|false&#8221; global_colors_info=&#8221;{}&#8221;][\/et_pb_button][\/et_pb_column][\/et_pb_row][et_pb_row column_structure=&#8221;1_3,2_3&#8243; _builder_version=&#8221;4.25.1&#8243; _module_preset=&#8221;default&#8221; custom_padding=&#8221;100px||100px||true|false&#8221; border_width_top=&#8221;1px&#8221; border_color_top=&#8221;rgba(0,0,0,0.65)&#8221; global_colors_info=&#8221;{}&#8221;][et_pb_column type=&#8221;1_3&#8243; _builder_version=&#8221;4.25.1&#8243; _module_preset=&#8221;default&#8221; global_colors_info=&#8221;{}&#8221;][et_pb_image src=&#8221;https:\/\/plural-words.eu\/wp-content\/uploads\/2024\/06\/euphoria.png&#8221; alt=&#8221;Euphoria Net&#8221; title_text=&#8221;euphoria&#8221; _builder_version=&#8221;4.25.1&#8243; _module_preset=&#8221;814679dd-6bfb-4f6f-baa3-671eb3cdaafb&#8221; global_colors_info=&#8221;{}&#8221;][\/et_pb_image][\/et_pb_column][et_pb_column type=&#8221;2_3&#8243; _builder_version=&#8221;4.25.1&#8243; _module_preset=&#8221;default&#8221; global_colors_info=&#8221;{}&#8221;][et_pb_text _builder_version=&#8221;4.25.1&#8243; _module_preset=&#8221;default&#8221; global_colors_info=&#8221;{}&#8221;]<\/p>\n<h2>Euphoria Net Srl<\/h2>\n<p><strong>Italia<\/strong><\/p>\n<p>[\/et_pb_text][et_pb_text disabled_on=&#8221;off|off|off&#8221; _builder_version=&#8221;4.27.4&#8243; _module_preset=&#8221;default&#8221; text_text_color=&#8221;rgba(0,0,0,0.65)&#8221; max_width=&#8221;700px&#8221; custom_margin=&#8221;1rem||||false|false&#8221; hover_enabled=&#8221;0&#8243; global_colors_info=&#8221;{}&#8221; sticky_enabled=&#8221;0&#8243;]<\/p>\n<p>Euphoria Net \u00e8 un\u2019azienda italiana specializzata nelle opportunit\u00e0 dell\u2019UE, che si concentra sulla pianificazione, l\u2019attuazione, la diffusione e la rendicontazione di progetti internazionali. Grazie alla nostra esperienza nel campo delle risorse educative innovative e dell\u2019apprendimento personalizzato, diamo priorit\u00e0 alle esigenze degli utenti finali. Contribuiamo attivamente allo sviluppo dei progetti, ponendo l\u2019accento sulle risorse pedagogiche e rimanendo aggiornati sul panorama educativo digitale.  <\/p>\n<p>[\/et_pb_text][et_pb_button button_url=&#8221;https:\/\/euphorianet.it&#8221; url_new_window=&#8221;on&#8221; button_text=&#8221;Scopri di pi\u00f9&#8221; _builder_version=&#8221;4.25.1&#8243; _module_preset=&#8221;default&#8221; custom_margin=&#8221;30px||||false|false&#8221; global_colors_info=&#8221;{}&#8221;][\/et_pb_button][\/et_pb_column][\/et_pb_row][et_pb_row _builder_version=&#8221;4.25.1&#8243; _module_preset=&#8221;default&#8221; custom_padding=&#8221;100px||0px||false|false&#8221; border_width_top=&#8221;1px&#8221; border_color_top=&#8221;rgba(0,0,0,0.65)&#8221; global_colors_info=&#8221;{}&#8221;][et_pb_column type=&#8221;4_4&#8243; _builder_version=&#8221;4.25.1&#8243; _module_preset=&#8221;default&#8221; global_colors_info=&#8221;{}&#8221;][et_pb_text _builder_version=&#8221;4.25.1&#8243; _module_preset=&#8221;default&#8221; global_colors_info=&#8221;{}&#8221;]<\/p>\n<h2>Partner associati<strong><\/strong><\/h2>\n<p>[\/et_pb_text][\/et_pb_column][\/et_pb_row][et_pb_row column_structure=&#8221;1_3,2_3&#8243; _builder_version=&#8221;4.25.1&#8243; _module_preset=&#8221;default&#8221; custom_padding=&#8221;100px||0px||false|false&#8221; global_colors_info=&#8221;{}&#8221;][et_pb_column type=&#8221;1_3&#8243; _builder_version=&#8221;4.25.1&#8243; _module_preset=&#8221;default&#8221; global_colors_info=&#8221;{}&#8221;][et_pb_image src=&#8221;https:\/\/plural-words.eu\/wp-content\/uploads\/2024\/06\/montessori-rive-gauche.png&#8221; alt=&#8221;Montessori Rive Gauche&#8221; title_text=&#8221;montessori-rive-gauche&#8221; _builder_version=&#8221;4.25.1&#8243; _module_preset=&#8221;814679dd-6bfb-4f6f-baa3-671eb3cdaafb&#8221; global_colors_info=&#8221;{}&#8221;][\/et_pb_image][\/et_pb_column][et_pb_column type=&#8221;2_3&#8243; _builder_version=&#8221;4.25.1&#8243; _module_preset=&#8221;default&#8221; global_colors_info=&#8221;{}&#8221;][et_pb_text _builder_version=&#8221;4.25.2&#8243; _module_preset=&#8221;default&#8221; global_colors_info=&#8221;{}&#8221;]<\/p>\n<h3>Montessori rive gauche<\/h3>\n<p><strong>Svizzera<\/strong><\/p>\n<p>[\/et_pb_text][et_pb_text _builder_version=&#8221;4.25.2&#8243; _module_preset=&#8221;default&#8221; text_text_color=&#8221;rgba(0,0,0,0.65)&#8221; max_width=&#8221;700px&#8221; custom_margin=&#8221;1rem||||false|false&#8221; global_colors_info=&#8221;{}&#8221;]<\/p>\n<p>Montessori Rive Gauche ha aderito come partner associato grazie al finanziamento di Movetia.<\/p>\n<p>[\/et_pb_text][et_pb_button button_url=&#8221;https:\/\/www.montessori-rive-gauche.ch&#8221; url_new_window=&#8221;on&#8221; button_text=&#8221;Scopri di pi\u00f9&#8221; _builder_version=&#8221;4.25.1&#8243; _module_preset=&#8221;default&#8221; custom_margin=&#8221;30px||||false|false&#8221; global_colors_info=&#8221;{}&#8221;][\/et_pb_button][\/et_pb_column][\/et_pb_row][\/et_pb_section]<\/p>\n","protected":false},"excerpt":{"rendered":"<p>Les Apprimeurs FranciaLes Apprimeurs \u00e8 una societ\u00e0 francese specializzata nella creazione di soluzioni digitali su misura per i settori dell&#8217;istruzione, della cultura e della formazione. Lavoriamo per promuovere le competenze di base e trasversali e l&#8217;accesso alla conoscenza per tutti attraverso corsi di formazione, workshop, ebook interattivi e sviluppo di piattaforme.Logopsycom BelgioLogopsycom \u00e8 un centro [&hellip;]<\/p>\n","protected":false},"author":1,"featured_media":0,"parent":0,"menu_order":0,"comment_status":"closed","ping_status":"closed","template":"","meta":{"_acf_changed":false,"_et_pb_use_builder":"on","_et_pb_old_content":"","_et_gb_content_width":"","footnotes":""},"class_list":["post-1309","page","type-page","status-publish","hentry"],"acf":[],"_links":{"self":[{"href":"https:\/\/plural-words.eu\/it\/wp-json\/wp\/v2\/pages\/1309","targetHints":{"allow":["GET"]}}],"collection":[{"href":"https:\/\/plural-words.eu\/it\/wp-json\/wp\/v2\/pages"}],"about":[{"href":"https:\/\/plural-words.eu\/it\/wp-json\/wp\/v2\/types\/page"}],"author":[{"embeddable":true,"href":"https:\/\/plural-words.eu\/it\/wp-json\/wp\/v2\/users\/1"}],"replies":[{"embeddable":true,"href":"https:\/\/plural-words.eu\/it\/wp-json\/wp\/v2\/comments?post=1309"}],"version-history":[{"count":8,"href":"https:\/\/plural-words.eu\/it\/wp-json\/wp\/v2\/pages\/1309\/revisions"}],"predecessor-version":[{"id":3017,"href":"https:\/\/plural-words.eu\/it\/wp-json\/wp\/v2\/pages\/1309\/revisions\/3017"}],"wp:attachment":[{"href":"https:\/\/plural-words.eu\/it\/wp-json\/wp\/v2\/media?parent=1309"}],"curies":[{"name":"wp","href":"https:\/\/api.w.org\/{rel}","templated":true}]}}