{"id":1267,"date":"2024-06-06T15:49:09","date_gmt":"2024-06-06T13:49:09","guid":{"rendered":"https:\/\/plural-words.eu\/modul-e-lerningowy\/"},"modified":"2025-09-05T09:45:53","modified_gmt":"2025-09-05T07:45:53","slug":"modul-e-lerningowy","status":"publish","type":"page","link":"https:\/\/plural-words.eu\/pl\/modul-e-lerningowy\/","title":{"rendered":"Modu\u0142 e-lerningowy"},"content":{"rendered":"<p>[et_pb_section fb_built=&#8221;1&#8243; disabled_on=&#8221;off|off|off&#8221; _builder_version=&#8221;4.27.4&#8243; _module_preset=&#8221;default&#8221; background_color=&#8221;#3ABCF7&#8243; overflow-x=&#8221;hidden&#8221; locked=&#8221;off&#8221; global_colors_info=&#8221;{}&#8221;][et_pb_row _builder_version=&#8221;4.25.1&#8243; _module_preset=&#8221;default&#8221; global_colors_info=&#8221;{}&#8221;][et_pb_column type=&#8221;4_4&#8243; _builder_version=&#8221;4.25.1&#8243; _module_preset=&#8221;default&#8221; global_colors_info=&#8221;{}&#8221;][et_pb_post_title _builder_version=&#8221;4.27.4&#8243; _module_preset=&#8221;34e9e634-2c29-41a2-9b54-bdfb0cfc3379&#8243; custom_margin=&#8221;||0px||false|false&#8221; global_colors_info=&#8221;{}&#8221;][\/et_pb_post_title][et_pb_code _builder_version=&#8221;4.27.4&#8243; _module_preset=&#8221;default&#8221; background_image=&#8221;https:\/\/plural-words.eu\/wp-content\/uploads\/2024\/06\/speech-bubble_yellow.png&#8221; background_size=&#8221;contain&#8221; positioning=&#8221;absolute&#8221; position_origin_a=&#8221;top_right&#8221; vertical_offset=&#8221;-50px&#8221; horizontal_offset=&#8221;-400px&#8221; z_index=&#8221;-1&#8243; width=&#8221;780px&#8221; height=&#8221;700px&#8221; global_colors_info=&#8221;{}&#8221;][\/et_pb_code][et_pb_code _builder_version=&#8221;4.27.4&#8243; _module_preset=&#8221;default&#8221; background_image=&#8221;https:\/\/plural-words.eu\/wp-content\/uploads\/2025\/07\/letter-e_red.png&#8221; width=&#8221;148px&#8221; module_alignment=&#8221;right&#8221; height=&#8221;159px&#8221; custom_margin=&#8221;-100px||||false|false&#8221; custom_margin_tablet=&#8221;0px||||false|false&#8221; custom_margin_phone=&#8221;0px||||false|false&#8221; custom_margin_last_edited=&#8221;on|tablet&#8221; global_colors_info=&#8221;{}&#8221;][\/et_pb_code][\/et_pb_column][\/et_pb_row][et_pb_row column_structure=&#8221;1_3,1_3,1_3&#8243; use_custom_gutter=&#8221;on&#8221; gutter_width=&#8221;2&#8243; _builder_version=&#8221;4.27.4&#8243; _module_preset=&#8221;default&#8221; custom_margin=&#8221;||||false|false&#8221; global_colors_info=&#8221;{}&#8221;][et_pb_column type=&#8221;1_3&#8243; _builder_version=&#8221;4.27.4&#8243; _module_preset=&#8221;default&#8221; custom_padding=&#8221;||||false|false&#8221; global_colors_info=&#8221;{}&#8221;][et_pb_blurb title=&#8221;Przegl\u0105d AAC&#8221; url=&#8221;https:\/\/view.genially.com\/67f38385cd8c8266c1de82c8\/interactive-content-plural-words-modul-e-learningowy-1&#8243; url_new_window=&#8221;on&#8221; image=&#8221;@ET-DC@eyJkeW5hbWljIjp0cnVlLCJjb250ZW50IjoiY3VzdG9tX21ldGFfbW9kdWxlX2ltYWdlXzEiLCJzZXR0aW5ncyI6eyJiZWZvcmUiOiIiLCJhZnRlciI6IiIsImVuYWJsZV9odG1sIjoib2ZmIn19@&#8221; _builder_version=&#8221;4.27.4&#8243; _dynamic_attributes=&#8221;image&#8221; _module_preset=&#8221;76b221a8-589e-4571-abd7-bab09deb4129&#8243; background_color=&#8221;#FFCA23&#8243; link_option_url=&#8221;https:\/\/view.genially.com\/67f38385cd8c8266c1de82c8\/interactive-content-plural-words-modul-e-learningowy-1&#8243; link_option_url_new_window=&#8221;on&#8221; global_colors_info=&#8221;{}&#8221; background__hover_enabled=&#8221;on|desktop&#8221;]<\/p>\n<p>Rozpocznij modu\u0142 1<\/p>\n<p>[\/et_pb_blurb][\/et_pb_column][et_pb_column type=&#8221;1_3&#8243; _builder_version=&#8221;4.27.4&#8243; _module_preset=&#8221;default&#8221; custom_padding=&#8221;||||false|false&#8221; global_colors_info=&#8221;{}&#8221;][et_pb_blurb title=&#8221;Pude\u0142ka AAC&#8221; url=&#8221;https:\/\/view.genially.com\/67f427d5b328dcfcdea6c7d2\/interactive-content-plural-words-modul-e-learningowy-2&#8243; url_new_window=&#8221;on&#8221; image=&#8221;@ET-DC@eyJkeW5hbWljIjp0cnVlLCJjb250ZW50IjoiY3VzdG9tX21ldGFfbW9kdWxlX2ltYWdlXzIiLCJzZXR0aW5ncyI6eyJiZWZvcmUiOiIiLCJhZnRlciI6IiIsImVuYWJsZV9odG1sIjoib2ZmIn19@&#8221; _builder_version=&#8221;4.27.4&#8243; _dynamic_attributes=&#8221;image&#8221; _module_preset=&#8221;76b221a8-589e-4571-abd7-bab09deb4129&#8243; background_color=&#8221;#FFCA23&#8243; link_option_url=&#8221;https:\/\/view.genially.com\/67f427d5b328dcfcdea6c7d2\/interactive-content-plural-words-modul-e-learningowy-2&#8243; link_option_url_new_window=&#8221;on&#8221; global_colors_info=&#8221;{}&#8221;]<\/p>\n<p>Rozpocznij modu\u0142 2<\/p>\n<p>[\/et_pb_blurb][\/et_pb_column][et_pb_column type=&#8221;1_3&#8243; _builder_version=&#8221;4.27.4&#8243; _module_preset=&#8221;default&#8221; custom_padding=&#8221;||||false|false&#8221; global_colors_info=&#8221;{}&#8221;][et_pb_blurb title=&#8221;Planowanie pude\u0142ka AAC&#8221; url=&#8221;https:\/\/view.genially.com\/67f43763d565153535434ddc\/interactive-content-plural-words-modul-e-learningowy-3&#8243; url_new_window=&#8221;on&#8221; image=&#8221;@ET-DC@eyJkeW5hbWljIjp0cnVlLCJjb250ZW50IjoiY3VzdG9tX21ldGFfbW9kdWxlX2ltYWdlXzMiLCJzZXR0aW5ncyI6eyJiZWZvcmUiOiIiLCJhZnRlciI6IiIsImVuYWJsZV9odG1sIjoib2ZmIn19@&#8221; _builder_version=&#8221;4.27.4&#8243; _dynamic_attributes=&#8221;image&#8221; _module_preset=&#8221;76b221a8-589e-4571-abd7-bab09deb4129&#8243; background_color=&#8221;#FFCA23&#8243; link_option_url=&#8221;https:\/\/view.genially.com\/67f43763d565153535434ddc\/interactive-content-plural-words-modul-e-learningowy-3&#8243; link_option_url_new_window=&#8221;on&#8221; global_colors_info=&#8221;{}&#8221;]<\/p>\n<p>Rozpocznij modu\u0142 3<\/p>\n<p>[\/et_pb_blurb][\/et_pb_column][\/et_pb_row][et_pb_row column_structure=&#8221;1_3,1_3,1_3&#8243; use_custom_gutter=&#8221;on&#8221; gutter_width=&#8221;2&#8243; _builder_version=&#8221;4.27.4&#8243; _module_preset=&#8221;default&#8221; custom_margin=&#8221;50px||||false|false&#8221; global_colors_info=&#8221;{}&#8221;][et_pb_column type=&#8221;1_3&#8243; _builder_version=&#8221;4.27.4&#8243; _module_preset=&#8221;default&#8221; custom_padding=&#8221;||||false|false&#8221; global_colors_info=&#8221;{}&#8221;][et_pb_blurb title=&#8221;Tworzenie pude\u0142ka AAC&#8221; url=&#8221;https:\/\/view.genially.com\/67f593d63f475873c06b9600\/interactive-content-plural-words-modul-e-learningowy-4&#8243; url_new_window=&#8221;on&#8221; image=&#8221;@ET-DC@eyJkeW5hbWljIjp0cnVlLCJjb250ZW50IjoiY3VzdG9tX21ldGFfbW9kdWxlX2ltYWdlXzQiLCJzZXR0aW5ncyI6eyJiZWZvcmUiOiIiLCJhZnRlciI6IiIsImVuYWJsZV9odG1sIjoib2ZmIn19@&#8221; _builder_version=&#8221;4.27.4&#8243; _dynamic_attributes=&#8221;image&#8221; _module_preset=&#8221;76b221a8-589e-4571-abd7-bab09deb4129&#8243; background_color=&#8221;#FFCA23&#8243; link_option_url=&#8221;https:\/\/view.genially.com\/67f593d63f475873c06b9600\/interactive-content-plural-words-modul-e-learningowy-4&#8243; link_option_url_new_window=&#8221;on&#8221; global_colors_info=&#8221;{}&#8221; background__hover_enabled=&#8221;on|desktop&#8221;]<\/p>\n<p>Rozpocznij modu\u0142 4<\/p>\n<p>[\/et_pb_blurb][\/et_pb_column][et_pb_column type=&#8221;1_3&#8243; _builder_version=&#8221;4.27.4&#8243; _module_preset=&#8221;default&#8221; custom_padding=&#8221;||||false|false&#8221; global_colors_info=&#8221;{}&#8221;][et_pb_blurb title=&#8221;Integracja pude\u0142ka AAC w klasie&#8221; url=&#8221;https:\/\/view.genially.com\/67f6959bfe65f1b2c80d5d4f\/interactive-content-plural-words-modul-e-learningowy-5&#8243; url_new_window=&#8221;on&#8221; image=&#8221;@ET-DC@eyJkeW5hbWljIjp0cnVlLCJjb250ZW50IjoiY3VzdG9tX21ldGFfbW9kdWxlX2ltYWdlXzUiLCJzZXR0aW5ncyI6eyJiZWZvcmUiOiIiLCJhZnRlciI6IiIsImVuYWJsZV9odG1sIjoib2ZmIn19@&#8221; _builder_version=&#8221;4.27.4&#8243; _dynamic_attributes=&#8221;image&#8221; _module_preset=&#8221;76b221a8-589e-4571-abd7-bab09deb4129&#8243; background_color=&#8221;#FFCA23&#8243; link_option_url=&#8221;https:\/\/view.genially.com\/67f6959bfe65f1b2c80d5d4f\/interactive-content-plural-words-modul-e-learningowy-5&#8243; link_option_url_new_window=&#8221;on&#8221; global_colors_info=&#8221;{}&#8221;]<\/p>\n<p>Rozpocznij modu\u0142 5<\/p>\n<p>[\/et_pb_blurb][\/et_pb_column][et_pb_column type=&#8221;1_3&#8243; _builder_version=&#8221;4.27.4&#8243; _module_preset=&#8221;default&#8221; custom_padding=&#8221;||||false|false&#8221; global_colors_info=&#8221;{}&#8221;][et_pb_blurb title=&#8221;Sprostanie wyzwaniom zwi\u0105zanym z korzystaniem&#8221; url=&#8221;https:\/\/view.genially.com\/67f6abb47870d5276840d0a6\/interactive-content-plural-words-modul-e-learningowy-6&#8243; url_new_window=&#8221;on&#8221; image=&#8221;@ET-DC@eyJkeW5hbWljIjp0cnVlLCJjb250ZW50IjoiY3VzdG9tX21ldGFfbW9kdWxlX2ltYWdlXzYiLCJzZXR0aW5ncyI6eyJiZWZvcmUiOiIiLCJhZnRlciI6IiIsImVuYWJsZV9odG1sIjoib2ZmIn19@&#8221; _builder_version=&#8221;4.27.4&#8243; _dynamic_attributes=&#8221;image&#8221; _module_preset=&#8221;76b221a8-589e-4571-abd7-bab09deb4129&#8243; background_color=&#8221;#FFCA23&#8243; link_option_url=&#8221;https:\/\/view.genially.com\/67f6abb47870d5276840d0a6\/interactive-content-plural-words-modul-e-learningowy-6&#8243; link_option_url_new_window=&#8221;on&#8221; global_colors_info=&#8221;{}&#8221;]<\/p>\n<p>Rozpocznij modu\u0142 6<\/p>\n<p>[\/et_pb_blurb][\/et_pb_column][\/et_pb_row][et_pb_row _builder_version=&#8221;4.27.4&#8243; _module_preset=&#8221;default&#8221; custom_margin=&#8221;80px||||false|false&#8221; global_colors_info=&#8221;{}&#8221;][et_pb_column type=&#8221;4_4&#8243; _builder_version=&#8221;4.27.4&#8243; _module_preset=&#8221;default&#8221; global_colors_info=&#8221;{}&#8221;][et_pb_text _builder_version=&#8221;4.27.4&#8243; _module_preset=&#8221;default&#8221; global_colors_info=&#8221;{}&#8221;]<\/p>\n<h2>Arkusz<\/h2>\n<p>[\/et_pb_text][\/et_pb_column][\/et_pb_row][et_pb_row column_structure=&#8221;1_4,1_4,1_4,1_4&#8243; use_custom_gutter=&#8221;on&#8221; gutter_width=&#8221;2&#8243; _builder_version=&#8221;4.27.4&#8243; _module_preset=&#8221;default&#8221; global_colors_info=&#8221;{}&#8221;][et_pb_column type=&#8221;1_4&#8243; _builder_version=&#8221;4.27.4&#8243; _module_preset=&#8221;default&#8221; global_colors_info=&#8221;{}&#8221;][et_pb_blurb title=&#8221;Modu\u0142 3 : Formularz oceny AAC&#8221; url=&#8221;https:\/\/plural-words.eu\/wp-content\/uploads\/2025\/09\/lesson-3_-PL-Formularz-oceny-AAC.pdf&#8221; url_new_window=&#8221;on&#8221; _builder_version=&#8221;4.27.4&#8243; _module_preset=&#8221;4a3c189e-6a5a-48b5-b401-7c79883e4b2f&#8221; link_option_url=&#8221;https:\/\/plural-words.eu\/wp-content\/uploads\/2025\/09\/lesson-3_-PL-Formularz-oceny-AAC.pdf&#8221; link_option_url_new_window=&#8221;on&#8221; global_colors_info=&#8221;{}&#8221; background__hover_enabled=&#8221;on|desktop&#8221; image=&#8221;@ET-DC@eyJkeW5hbWljIjp0cnVlLCJjb250ZW50IjoiY3VzdG9tX21ldGFfbW9kdWxlXzNfd29ya3NoZWV0X3RodW1ibmFpbCIsInNldHRpbmdzIjp7ImJlZm9yZSI6IiIsImFmdGVyIjoiIiwiZW5hYmxlX2h0bWwiOiJvZmYifX0=@&#8221; _dynamic_attributes=&#8221;image&#8221;]<\/p>\n<p>Pobierz<\/p>\n<p>[\/et_pb_blurb][\/et_pb_column][et_pb_column type=&#8221;1_4&#8243; _builder_version=&#8221;4.27.4&#8243; _module_preset=&#8221;default&#8221; global_colors_info=&#8221;{}&#8221;][et_pb_blurb title=&#8221;Modu\u0142 4 : Arkusz planowania ksi\u0105\u017cki AAC&#8221; url=&#8221;https:\/\/plural-words.eu\/wp-content\/uploads\/2025\/09\/AAC-Book-Planning-Worksheet_PL.pdf&#8221; url_new_window=&#8221;on&#8221; _builder_version=&#8221;4.27.4&#8243; _module_preset=&#8221;4a3c189e-6a5a-48b5-b401-7c79883e4b2f&#8221; link_option_url=&#8221;https:\/\/plural-words.eu\/wp-content\/uploads\/2025\/09\/AAC-Book-Planning-Worksheet_PL.pdf&#8221; link_option_url_new_window=&#8221;on&#8221; global_colors_info=&#8221;{}&#8221; background__hover_enabled=&#8221;on|desktop&#8221; image=&#8221;@ET-DC@eyJkeW5hbWljIjp0cnVlLCJjb250ZW50IjoiY3VzdG9tX21ldGFfbW9kdWxlXzRfd29ya3NoZWV0X3RodW1ibmFpbF8xIiwic2V0dGluZ3MiOnsiYmVmb3JlIjoiIiwiYWZ0ZXIiOiIiLCJlbmFibGVfaHRtbCI6Im9mZiJ9fQ==@&#8221; _dynamic_attributes=&#8221;image&#8221;]<\/p>\n<p>Pobierz<\/p>\n<p>[\/et_pb_blurb][\/et_pb_column][et_pb_column type=&#8221;1_4&#8243; _builder_version=&#8221;4.27.4&#8243; _module_preset=&#8221;default&#8221; global_colors_info=&#8221;{}&#8221;][et_pb_blurb title=&#8221;Modu\u0142 4 : Arkusz roboczy dla siatek&#8221; url=&#8221;https:\/\/plural-words.eu\/wp-content\/uploads\/2025\/07\/Lesson-4_AAC-Plane-Grid-Worksheet_EN-1.pdf&#8221; url_new_window=&#8221;on&#8221; _builder_version=&#8221;4.27.4&#8243; _module_preset=&#8221;4a3c189e-6a5a-48b5-b401-7c79883e4b2f&#8221; link_option_url=&#8221;https:\/\/plural-words.eu\/wp-content\/uploads\/2025\/07\/Lesson-4_AAC-Plane-Grid-Worksheet_EN-1.pdf&#8221; link_option_url_new_window=&#8221;on&#8221; hover_enabled=&#8221;0&#8243; global_colors_info=&#8221;{}&#8221; background__hover_enabled=&#8221;on|desktop&#8221; image=&#8221;@ET-DC@eyJkeW5hbWljIjp0cnVlLCJjb250ZW50IjoiY3VzdG9tX21ldGFfbW9kdWxlXzRfd29ya3NoZWV0X3RodW1ibmFpbF8yIiwic2V0dGluZ3MiOnsiYmVmb3JlIjoiIiwiYWZ0ZXIiOiIiLCJlbmFibGVfaHRtbCI6Im9mZiJ9fQ==@&#8221; _dynamic_attributes=&#8221;image&#8221; sticky_enabled=&#8221;0&#8243;]<\/p>\n<p>Pobierz<\/p>\n<p>[\/et_pb_blurb][\/et_pb_column][et_pb_column type=&#8221;1_4&#8243; _builder_version=&#8221;4.27.4&#8243; _module_preset=&#8221;default&#8221; global_colors_info=&#8221;{}&#8221;][et_pb_blurb title=&#8221;Modu\u0142 4 : Arkusz s\u0142ownictwa do zaj\u0119\u0107 z wykorzystaniem AAC&#8221; url=&#8221;https:\/\/plural-words.eu\/wp-content\/uploads\/2025\/09\/AAC-Vocabulary-Planning-Worksheet_PL.pdf&#8221; url_new_window=&#8221;on&#8221; _builder_version=&#8221;4.27.4&#8243; _module_preset=&#8221;4a3c189e-6a5a-48b5-b401-7c79883e4b2f&#8221; link_option_url=&#8221;https:\/\/plural-words.eu\/wp-content\/uploads\/2025\/09\/AAC-Vocabulary-Planning-Worksheet_PL.pdf&#8221; link_option_url_new_window=&#8221;on&#8221; hover_enabled=&#8221;0&#8243; global_colors_info=&#8221;{}&#8221; background__hover_enabled=&#8221;on|desktop&#8221; image=&#8221;@ET-DC@eyJkeW5hbWljIjp0cnVlLCJjb250ZW50IjoiY3VzdG9tX21ldGFfbW9kdWxlXzRfd29ya3NoZWV0X3RodW1ibmFpbF8zIiwic2V0dGluZ3MiOnsiYmVmb3JlIjoiIiwiYWZ0ZXIiOiIiLCJlbmFibGVfaHRtbCI6Im9mZiJ9fQ==@&#8221; _dynamic_attributes=&#8221;image&#8221; sticky_enabled=&#8221;0&#8243;]<\/p>\n<p>Pobierz<\/p>\n<p>[\/et_pb_blurb][\/et_pb_column][\/et_pb_row][\/et_pb_section]<\/p>\n","protected":false},"excerpt":{"rendered":"<p>Rozpocznij modu\u0142 1Rozpocznij modu\u0142 2Rozpocznij modu\u0142 3Rozpocznij modu\u0142 4Rozpocznij modu\u0142 5Rozpocznij modu\u0142 6ArkuszPobierzPobierzPobierzPobierz<\/p>\n","protected":false},"author":1,"featured_media":0,"parent":0,"menu_order":0,"comment_status":"closed","ping_status":"closed","template":"","meta":{"_acf_changed":false,"_et_pb_use_builder":"on","_et_pb_old_content":"","_et_gb_content_width":"","footnotes":""},"class_list":["post-1267","page","type-page","status-publish","hentry"],"acf":[],"_links":{"self":[{"href":"https:\/\/plural-words.eu\/pl\/wp-json\/wp\/v2\/pages\/1267","targetHints":{"allow":["GET"]}}],"collection":[{"href":"https:\/\/plural-words.eu\/pl\/wp-json\/wp\/v2\/pages"}],"about":[{"href":"https:\/\/plural-words.eu\/pl\/wp-json\/wp\/v2\/types\/page"}],"author":[{"embeddable":true,"href":"https:\/\/plural-words.eu\/pl\/wp-json\/wp\/v2\/users\/1"}],"replies":[{"embeddable":true,"href":"https:\/\/plural-words.eu\/pl\/wp-json\/wp\/v2\/comments?post=1267"}],"version-history":[{"count":6,"href":"https:\/\/plural-words.eu\/pl\/wp-json\/wp\/v2\/pages\/1267\/revisions"}],"predecessor-version":[{"id":4848,"href":"https:\/\/plural-words.eu\/pl\/wp-json\/wp\/v2\/pages\/1267\/revisions\/4848"}],"wp:attachment":[{"href":"https:\/\/plural-words.eu\/pl\/wp-json\/wp\/v2\/media?parent=1267"}],"curies":[{"name":"wp","href":"https:\/\/api.w.org\/{rel}","templated":true}]}}