{"id":1286,"date":"2024-06-06T15:48:30","date_gmt":"2024-06-06T13:48:30","guid":{"rendered":"https:\/\/plural-words.eu\/o-projekcie\/"},"modified":"2025-06-03T11:18:59","modified_gmt":"2025-06-03T09:18:59","slug":"o-projekcie","status":"publish","type":"page","link":"https:\/\/plural-words.eu\/pl\/o-projekcie\/","title":{"rendered":"O projekcie"},"content":{"rendered":"\n<p>W dzisiejszych czasach wiele os\u00f3b nadal spotyka si\u0119 z marginalizacj\u0105 w komunikacji. Niezale\u017cnie od tego, czy dotyczy to os\u00f3b z DYS lub trudno\u015bciami w m\u00f3wieniu, upo\u015bledzeniem s\u0142uchu, autyzmem, zespo\u0142em Downa, czy os\u00f3b m\u00f3wi\u0105cych innym j\u0119zykiem ojczystym, <strong>komunikacja pozostaje z\u0142o\u017cona i wy\u0142\u0105czna. <\/strong><\/p>\n\n<p>W zwi\u0105zku z tym AAC (Augmentative Alternative Communication) wydaje si\u0119 by\u0107 idealnym rozwi\u0105zaniem, aby zapewni\u0107 ka\u017cdemu mo\u017cliwo\u015b\u0107 wyra\u017cania swoich potrzeb i emocji. AAC wzmacnia pozycj\u0119 jednostek i umo\u017cliwia im wymian\u0119 i unikanie marginalizacji.<\/p>\n\n<p>Plural Words to europejski projekt maj\u0105cy na celu:<\/p>\n\n<ul class=\"wp-block-list\">\n<li><strong>podnoszenie \u015bwiadomo\u015bci<\/strong> na temat AAC i rozpowszechnianie tej metody;<\/li>\n\n\n\n<li><strong>destygmatyzacja <\/strong> problem\u00f3w komunikacyjnych i <strong>prze\u0142amywanie uprzedze\u0144<\/strong> dotycz\u0105cych AAC;<\/li>\n\n\n\n<li><strong>zdemokratyzowa\u0107 <\/strong> stosowanie AAC w szko\u0142ach wczesnoszkolnych i podstawowych <strong>dla wszystkich dzieci.<\/strong><\/li>\n<\/ul>\n\n<h2 class=\"wp-block-heading\">Zaanga\u017cowanie w partnerstwo<\/h2>\n\n<p>Aby osi\u0105gn\u0105\u0107 ten cel, partnerzy pracuj\u0105 nad stworzeniem r\u00f3\u017cnych zasob\u00f3w:<\/p>\n\n<ul class=\"wp-block-list\">\n<li><strong>Narz\u0119dziowniki AAC<\/strong> &#8211; Zawieraj\u0105ce r\u00f3\u017cne zasoby AAC dotycz\u0105ce umiej\u0119tno\u015bci czytania, pisania, liczenia i \u017cycia codziennego<\/li>\n\n\n\n<li><strong>Modu\u0142 e-learningowy<\/strong> &#8211; Szkolenie specjalist\u00f3w ds. edukacji w zakresie AAC i problem\u00f3w z komunikacj\u0105<\/li>\n\n\n\n<li><strong>Poradnik pedagogiczny <\/strong> &#8211; Dla nauczycieli szk\u00f3\u0142 wczesnoszkolnych i podstawowych, kt\u00f3rzy chcieliby zapozna\u0107 si\u0119 z fascynuj\u0105c\u0105 dziedzin\u0105 AAC<\/li>\n\n\n\n<li><strong>9 arkuszy pedagogicznych dla profesjonalist\u00f3w<\/strong> &#8211; Wsparcie we wdra\u017caniu zestawu narz\u0119dzi do codziennej praktyki.<\/li>\n\n\n\n<li><strong>Zbi\u00f3r najlepszych praktyk<\/strong> &#8211; Czerpanie inspiracji od innowacyjnych i inspiruj\u0105cych organizacji, profesjonalist\u00f3w i dzia\u0142a\u0144 w zakresie AAC prowadzonych w Europie<\/li>\n<\/ul>\n\n<p>Jeste\u015bmy g\u0142\u0119boko przekonani, \u017ce komunikacji w\u0142\u0105czaj\u0105cej nale\u017cy uczy\u0107 od wczesnego dzieci\u0144stwa, aby zapewni\u0107 lepsz\u0105 integracj\u0119 nie tylko w klasie, ale tak\u017ce w naszym spo\u0142ecze\u0144stwie. Wyposa\u017cenie dzieci od najm\u0142odszych lat w r\u00f3\u017cne narz\u0119dzia komunikacji, przygotowanie ich do wi\u0119kszej sprawczo\u015bci poprzez wyra\u017canie siebie i samorealizacj\u0119.<\/p>\n\n<h2 class=\"wp-block-heading\">Wsparcie i finansowanie<\/h2>\n\n<p>Projekt Plural Words jest wspierany przez program Erasmus+ i Movetia.<\/p>\n\n<p>Erasmus+ to program UE wspieraj\u0105cy edukacj\u0119, szkolenia, m\u0142odzie\u017c i sport w Europie. Wi\u0119cej informacji mo\u017cna znale\u017a\u0107 na stronie <a href=\"https:\/\/erasmus-plus.ec.europa.eu\/\" target=\"_blank\" rel=\"noreferrer noopener\">https:\/\/erasmus-plus.ec.europa.eu\/<\/a>. <\/p>\n\n<p>Movetia promuje wymian\u0119, mobilno\u015b\u0107 i wsp\u00f3\u0142prac\u0119 w zakresie edukacji, kszta\u0142cenia ustawicznego i pracy z m\u0142odzie\u017c\u0105 &#8211; w Szwajcarii, Europie i na ca\u0142ym \u015bwiecie. Wi\u0119cej informacji mo\u017cna znale\u017a\u0107 na stronie <a href=\"https:\/\/movetia.ch\" data-type=\"link\" data-id=\"https:\/\/movetia.ch\" target=\"_blank\" rel=\"noreferrer noopener\">https:\/\/movetia.ch<\/a>. <\/p>\n","protected":false},"excerpt":{"rendered":"<p>W dzisiejszych czasach wiele os\u00f3b nadal spotyka si\u0119 z marginalizacj\u0105 w komunikacji. Niezale\u017cnie od tego, czy dotyczy to os\u00f3b z DYS lub trudno\u015bciami w m\u00f3wieniu, upo\u015bledzeniem s\u0142uchu, autyzmem, zespo\u0142em Downa, czy os\u00f3b m\u00f3wi\u0105cych innym j\u0119zykiem ojczystym, komunikacja pozostaje z\u0142o\u017cona i wy\u0142\u0105czna. W zwi\u0105zku z tym AAC (Augmentative Alternative Communication) wydaje si\u0119 by\u0107 idealnym rozwi\u0105zaniem, aby [&hellip;]<\/p>\n","protected":false},"author":1,"featured_media":0,"parent":0,"menu_order":0,"comment_status":"closed","ping_status":"closed","template":"","meta":{"_acf_changed":false,"_et_pb_use_builder":"off","_et_pb_old_content":"","_et_gb_content_width":"","footnotes":""},"class_list":["post-1286","page","type-page","status-publish","hentry"],"acf":[],"_links":{"self":[{"href":"https:\/\/plural-words.eu\/pl\/wp-json\/wp\/v2\/pages\/1286","targetHints":{"allow":["GET"]}}],"collection":[{"href":"https:\/\/plural-words.eu\/pl\/wp-json\/wp\/v2\/pages"}],"about":[{"href":"https:\/\/plural-words.eu\/pl\/wp-json\/wp\/v2\/types\/page"}],"author":[{"embeddable":true,"href":"https:\/\/plural-words.eu\/pl\/wp-json\/wp\/v2\/users\/1"}],"replies":[{"embeddable":true,"href":"https:\/\/plural-words.eu\/pl\/wp-json\/wp\/v2\/comments?post=1286"}],"version-history":[{"count":6,"href":"https:\/\/plural-words.eu\/pl\/wp-json\/wp\/v2\/pages\/1286\/revisions"}],"predecessor-version":[{"id":3534,"href":"https:\/\/plural-words.eu\/pl\/wp-json\/wp\/v2\/pages\/1286\/revisions\/3534"}],"wp:attachment":[{"href":"https:\/\/plural-words.eu\/pl\/wp-json\/wp\/v2\/media?parent=1286"}],"curies":[{"name":"wp","href":"https:\/\/api.w.org\/{rel}","templated":true}]}}