{"id":1323,"date":"2024-06-06T16:46:58","date_gmt":"2024-06-06T14:46:58","guid":{"rendered":"https:\/\/plural-words.eu\/skontaktuj-sie-z-nami\/"},"modified":"2025-08-28T12:15:30","modified_gmt":"2025-08-28T10:15:30","slug":"skontaktuj-sie-z-nami","status":"publish","type":"page","link":"https:\/\/plural-words.eu\/pl\/skontaktuj-sie-z-nami\/","title":{"rendered":"Skontaktuj si\u0119 z nami"},"content":{"rendered":"<div class=\"forminator-ui forminator-custom-form forminator-custom-form-2215 forminator-design--flat  forminator_ajax\" data-forminator-render=\"0\" data-form=\"forminator-module-2215\" data-uid=\"69e4ccab5c993\"><br\/><\/div><form\n\t\t\t\tid=\"forminator-module-2215\"\n\t\t\t\tclass=\"forminator-ui forminator-custom-form forminator-custom-form-2215 forminator-design--flat  forminator_ajax\"\n\t\t\t\tmethod=\"post\"\n\t\t\t\tdata-forminator-render=\"0\"\n\t\t\t\tdata-form-id=\"2215\"\n\t\t\t\t data-color-option=\"default\" data-design=\"flat\" data-grid=\"open\" style=\"display: none;\"\n\t\t\t\tdata-uid=\"69e4ccab5c993\"\n\t\t\t><div role=\"alert\" aria-live=\"polite\" class=\"forminator-response-message forminator-error\" aria-hidden=\"true\"><\/div><div class=\"forminator-row\"><div id=\"name-1\" class=\"forminator-field-name forminator-col forminator-col-12 \"><div class=\"forminator-field\"><label for=\"forminator-field-name-1_69e4ccab5c993\" id=\"forminator-field-name-1_69e4ccab5c993-label\" class=\"forminator-label\">Nazwa <span class=\"forminator-required\">*<\/span><\/label><input type=\"text\" name=\"name-1\" value=\"\" placeholder=\"Na przyk\u0142ad: Jean\" id=\"forminator-field-name-1_69e4ccab5c993\" class=\"forminator-input forminator-name--field\" aria-required=\"true\" autocomplete=\"name\" \/><\/div><\/div><\/div><div class=\"forminator-row\"><div id=\"email-1\" class=\"forminator-field-email forminator-col forminator-col-12 \"><div class=\"forminator-field\"><label for=\"forminator-field-email-1_69e4ccab5c993\" id=\"forminator-field-email-1_69e4ccab5c993-label\" class=\"forminator-label\">Adres e-mail <span class=\"forminator-required\">*<\/span><\/label><input type=\"email\" name=\"email-1\" value=\"\" placeholder=\"Na przyk\u0142ad: jean@martin.com\" id=\"forminator-field-email-1_69e4ccab5c993\" class=\"forminator-input forminator-email--field\" data-required=\"true\" aria-required=\"true\" autocomplete=\"email\" \/><\/div><\/div><\/div><div class=\"forminator-row\"><div id=\"textarea-1\" class=\"forminator-field-textarea forminator-col forminator-col-12 \"><div class=\"forminator-field\"><label for=\"forminator-field-textarea-1_69e4ccab5c993\" id=\"forminator-field-textarea-1_69e4ccab5c993-label\" class=\"forminator-label\">Komunikat<\/label><textarea name=\"textarea-1\" placeholder=\"Wpisz\/Napisz wiadomo\u015b\u0107\" id=\"forminator-field-textarea-1_69e4ccab5c993\" class=\"forminator-textarea\" rows=\"6\" style=\"min-height:140px;\" ><\/textarea><\/div><\/div><\/div><div class=\"forminator-row\"><div id=\"consent-1\" class=\"forminator-field-consent forminator-col forminator-col-12 \"><div class=\"forminator-field\"><div class=\"forminator-checkbox__wrapper\"><label id=\"forminator-field-consent-1_69e4ccab5c993__label\" class=\"forminator-checkbox forminator-consent\" aria-labelledby=\"forminator-field-consent-1_69e4ccab5c993-label\"><input type=\"checkbox\" name=\"consent-1\" id=\"forminator-field-consent-1_69e4ccab5c993\" value=\"checked\" aria-labelledby=\"forminator-field-consent-1_69e4ccab5c993-label\" aria-describedby=\"forminator-field-consent-1_69e4ccab5c993__description\" data-required=\"true\" aria-required=\"true\" \/><span class=\"forminator-checkbox-box\" aria-hidden=\"true\"><\/span><\/label><div id=\"forminator-field-consent-1_69e4ccab5c993__description\" class=\"forminator-checkbox__label forminator-consent__label\"><p>Wyra\u017cam zgod\u0119 na wykorzystanie tych informacji przez Plural Words do skontaktowania si\u0119 ze mn\u0105.<\/p><\/div><\/div><\/div><\/div><\/div><input type=\"hidden\" name=\"referer_url\" value=\"\" \/><div class=\"forminator-row forminator-row-last\"><div class=\"forminator-col\"><div class=\"forminator-field\"><button class=\"forminator-button forminator-button-submit\">Wy\u015blij wiadomo\u015b\u0107<\/button><\/div><\/div><\/div><input type=\"hidden\" id=\"forminator_nonce\" name=\"forminator_nonce\" value=\"0614a61825\" \/><input type=\"hidden\" name=\"_wp_http_referer\" value=\"\/pl\/wp-json\/wp\/v2\/pages\/1323\" \/><input type=\"hidden\" name=\"form_id\" value=\"2215\"><input type=\"hidden\" name=\"page_id\" value=\"1323\"><input type=\"hidden\" name=\"form_type\" value=\"default\"><input type=\"hidden\" name=\"current_url\" value=\"https:\/\/plural-words.eu\/pl\/skontaktuj-sie-z-nami\/\"><input type=\"hidden\" name=\"render_id\" value=\"0\"><input type=\"hidden\" name=\"action\" value=\"forminator_submit_form_custom-forms\"><\/form>\n","protected":false},"excerpt":{"rendered":"","protected":false},"author":1,"featured_media":0,"parent":0,"menu_order":0,"comment_status":"closed","ping_status":"closed","template":"","meta":{"_acf_changed":false,"_et_pb_use_builder":"off","_et_pb_old_content":"","_et_gb_content_width":"","footnotes":""},"class_list":["post-1323","page","type-page","status-publish","hentry"],"acf":[],"_links":{"self":[{"href":"https:\/\/plural-words.eu\/pl\/wp-json\/wp\/v2\/pages\/1323","targetHints":{"allow":["GET"]}}],"collection":[{"href":"https:\/\/plural-words.eu\/pl\/wp-json\/wp\/v2\/pages"}],"about":[{"href":"https:\/\/plural-words.eu\/pl\/wp-json\/wp\/v2\/types\/page"}],"author":[{"embeddable":true,"href":"https:\/\/plural-words.eu\/pl\/wp-json\/wp\/v2\/users\/1"}],"replies":[{"embeddable":true,"href":"https:\/\/plural-words.eu\/pl\/wp-json\/wp\/v2\/comments?post=1323"}],"version-history":[{"count":2,"href":"https:\/\/plural-words.eu\/pl\/wp-json\/wp\/v2\/pages\/1323\/revisions"}],"predecessor-version":[{"id":4720,"href":"https:\/\/plural-words.eu\/pl\/wp-json\/wp\/v2\/pages\/1323\/revisions\/4720"}],"wp:attachment":[{"href":"https:\/\/plural-words.eu\/pl\/wp-json\/wp\/v2\/media?parent=1323"}],"curies":[{"name":"wp","href":"https:\/\/api.w.org\/{rel}","templated":true}]}}