{"id":1269,"date":"2024-06-06T15:49:09","date_gmt":"2024-06-06T13:49:09","guid":{"rendered":"https:\/\/plural-words.eu\/modul-e-learning\/"},"modified":"2025-07-16T10:27:22","modified_gmt":"2025-07-16T08:27:22","slug":"modul-e-learning","status":"publish","type":"page","link":"https:\/\/plural-words.eu\/ro\/modul-e-learning\/","title":{"rendered":"Modul E-learning"},"content":{"rendered":"<p>[et_pb_section fb_built=&#8221;1&#8243; disabled_on=&#8221;off|off|off&#8221; _builder_version=&#8221;4.27.4&#8243; _module_preset=&#8221;default&#8221; background_color=&#8221;#3ABCF7&#8243; overflow-x=&#8221;hidden&#8221; locked=&#8221;off&#8221; global_colors_info=&#8221;{}&#8221;][et_pb_row _builder_version=&#8221;4.25.1&#8243; _module_preset=&#8221;default&#8221; global_colors_info=&#8221;{}&#8221;][et_pb_column type=&#8221;4_4&#8243; _builder_version=&#8221;4.25.1&#8243; _module_preset=&#8221;default&#8221; global_colors_info=&#8221;{}&#8221;][et_pb_post_title _builder_version=&#8221;4.27.4&#8243; _module_preset=&#8221;34e9e634-2c29-41a2-9b54-bdfb0cfc3379&#8243; custom_margin=&#8221;||0px||false|false&#8221; global_colors_info=&#8221;{}&#8221;][\/et_pb_post_title][et_pb_code _builder_version=&#8221;4.27.4&#8243; _module_preset=&#8221;default&#8221; background_image=&#8221;https:\/\/plural-words.eu\/wp-content\/uploads\/2024\/06\/speech-bubble_yellow.png&#8221; background_size=&#8221;contain&#8221; positioning=&#8221;absolute&#8221; position_origin_a=&#8221;top_right&#8221; vertical_offset=&#8221;-50px&#8221; horizontal_offset=&#8221;-400px&#8221; z_index=&#8221;-1&#8243; width=&#8221;780px&#8221; height=&#8221;700px&#8221; global_colors_info=&#8221;{}&#8221;][\/et_pb_code][et_pb_code _builder_version=&#8221;4.27.4&#8243; _module_preset=&#8221;default&#8221; background_image=&#8221;https:\/\/plural-words.eu\/wp-content\/uploads\/2025\/07\/letter-e_red.png&#8221; width=&#8221;148px&#8221; module_alignment=&#8221;right&#8221; height=&#8221;159px&#8221; custom_margin=&#8221;-100px||||false|false&#8221; custom_margin_tablet=&#8221;0px||||false|false&#8221; custom_margin_phone=&#8221;0px||||false|false&#8221; custom_margin_last_edited=&#8221;on|tablet&#8221; global_colors_info=&#8221;{}&#8221;][\/et_pb_code][\/et_pb_column][\/et_pb_row][et_pb_row column_structure=&#8221;1_3,1_3,1_3&#8243; use_custom_gutter=&#8221;on&#8221; gutter_width=&#8221;2&#8243; _builder_version=&#8221;4.27.4&#8243; _module_preset=&#8221;default&#8221; custom_margin=&#8221;||||false|false&#8221; global_colors_info=&#8221;{}&#8221;][et_pb_column type=&#8221;1_3&#8243; _builder_version=&#8221;4.27.4&#8243; _module_preset=&#8221;default&#8221; custom_padding=&#8221;||||false|false&#8221; global_colors_info=&#8221;{}&#8221;][et_pb_blurb title=&#8221;Prezentare general\u0103 a CAA&#8221; url=&#8221;https:\/\/view.genially.com\/67ea556f2f57a43f47791759\/interactive-content-plural-words-modul-de-e-learning-1&#8243; url_new_window=&#8221;on&#8221; image=&#8221;@ET-DC@eyJkeW5hbWljIjp0cnVlLCJjb250ZW50IjoiY3VzdG9tX21ldGFfbW9kdWxlX2ltYWdlXzEiLCJzZXR0aW5ncyI6eyJiZWZvcmUiOiIiLCJhZnRlciI6IiIsImVuYWJsZV9odG1sIjoib2ZmIn19@&#8221; _builder_version=&#8221;4.27.4&#8243; _dynamic_attributes=&#8221;image&#8221; _module_preset=&#8221;76b221a8-589e-4571-abd7-bab09deb4129&#8243; background_color=&#8221;#FFCA23&#8243; link_option_url=&#8221;https:\/\/view.genially.com\/67ea556f2f57a43f47791759\/interactive-content-plural-words-modul-de-e-learning-1&#8243; link_option_url_new_window=&#8221;on&#8221; global_colors_info=&#8221;{}&#8221; background__hover_enabled=&#8221;on|desktop&#8221;]<\/p>\n<p>\u00cencepe\u021bi modulul 1<\/p>\n<p>[\/et_pb_blurb][\/et_pb_column][et_pb_column type=&#8221;1_3&#8243; _builder_version=&#8221;4.27.4&#8243; _module_preset=&#8221;default&#8221; custom_padding=&#8221;||||false|false&#8221; global_colors_info=&#8221;{}&#8221;][et_pb_blurb title=&#8221;Pachetele (cutiile) CAA&#8221; url=&#8221;https:\/\/view.genially.com\/67ea61122df4a7640b23a96b\/interactive-content-plural-words-modul-de-e-learning-2&#8243; url_new_window=&#8221;on&#8221; image=&#8221;@ET-DC@eyJkeW5hbWljIjp0cnVlLCJjb250ZW50IjoiY3VzdG9tX21ldGFfbW9kdWxlX2ltYWdlXzIiLCJzZXR0aW5ncyI6eyJiZWZvcmUiOiIiLCJhZnRlciI6IiIsImVuYWJsZV9odG1sIjoib2ZmIn19@&#8221; _builder_version=&#8221;4.27.4&#8243; _dynamic_attributes=&#8221;image&#8221; _module_preset=&#8221;76b221a8-589e-4571-abd7-bab09deb4129&#8243; background_color=&#8221;#FFCA23&#8243; link_option_url=&#8221;https:\/\/view.genially.com\/67ea61122df4a7640b23a96b\/interactive-content-plural-words-modul-de-e-learning-2&#8243; link_option_url_new_window=&#8221;on&#8221; global_colors_info=&#8221;{}&#8221;]<\/p>\n<p>\u00cencepe\u021bi modulul 2<\/p>\n<p>[\/et_pb_blurb][\/et_pb_column][et_pb_column type=&#8221;1_3&#8243; _builder_version=&#8221;4.27.4&#8243; _module_preset=&#8221;default&#8221; custom_padding=&#8221;||||false|false&#8221; global_colors_info=&#8221;{}&#8221;][et_pb_blurb title=&#8221;Planificarea unui pachet de CAA&#8221; url=&#8221;https:\/\/view.genially.com\/67ea6da71af3e3a907a8d754\/interactive-content-plural-words-modul-de-e-learning-3&#8243; url_new_window=&#8221;on&#8221; image=&#8221;@ET-DC@eyJkeW5hbWljIjp0cnVlLCJjb250ZW50IjoiY3VzdG9tX21ldGFfbW9kdWxlX2ltYWdlXzMiLCJzZXR0aW5ncyI6eyJiZWZvcmUiOiIiLCJhZnRlciI6IiIsImVuYWJsZV9odG1sIjoib2ZmIn19@&#8221; _builder_version=&#8221;4.27.4&#8243; _dynamic_attributes=&#8221;image&#8221; _module_preset=&#8221;76b221a8-589e-4571-abd7-bab09deb4129&#8243; background_color=&#8221;#FFCA23&#8243; link_option_url=&#8221;https:\/\/view.genially.com\/67ea6da71af3e3a907a8d754\/interactive-content-plural-words-modul-de-e-learning-3&#8243; link_option_url_new_window=&#8221;on&#8221; global_colors_info=&#8221;{}&#8221;]<\/p>\n<p>\u00cencepe\u021bi modulul 3<\/p>\n<p>[\/et_pb_blurb][\/et_pb_column][\/et_pb_row][et_pb_row column_structure=&#8221;1_3,1_3,1_3&#8243; use_custom_gutter=&#8221;on&#8221; gutter_width=&#8221;2&#8243; _builder_version=&#8221;4.27.4&#8243; _module_preset=&#8221;default&#8221; custom_margin=&#8221;50px||||false|false&#8221; global_colors_info=&#8221;{}&#8221;][et_pb_column type=&#8221;1_3&#8243; _builder_version=&#8221;4.27.4&#8243; _module_preset=&#8221;default&#8221; custom_padding=&#8221;||||false|false&#8221; global_colors_info=&#8221;{}&#8221;][et_pb_blurb title=&#8221;Crearea unui pachet de CAA&#8221; url=&#8221;https:\/\/view.genially.com\/67ea920a760d2478675d9aea\/interactive-content-plural-words-modul-de-e-learning-4&#8243; url_new_window=&#8221;on&#8221; image=&#8221;@ET-DC@eyJkeW5hbWljIjp0cnVlLCJjb250ZW50IjoiY3VzdG9tX21ldGFfbW9kdWxlX2ltYWdlXzQiLCJzZXR0aW5ncyI6eyJiZWZvcmUiOiIiLCJhZnRlciI6IiIsImVuYWJsZV9odG1sIjoib2ZmIn19@&#8221; _builder_version=&#8221;4.27.4&#8243; _dynamic_attributes=&#8221;image&#8221; _module_preset=&#8221;76b221a8-589e-4571-abd7-bab09deb4129&#8243; background_color=&#8221;#FFCA23&#8243; link_option_url=&#8221;https:\/\/view.genially.com\/67ea920a760d2478675d9aea\/interactive-content-plural-words-modul-de-e-learning-4&#8243; link_option_url_new_window=&#8221;on&#8221; global_colors_info=&#8221;{}&#8221; background__hover_enabled=&#8221;on|desktop&#8221;]<\/p>\n<p>\u00cencepe\u021bi modulul 4<\/p>\n<p>[\/et_pb_blurb][\/et_pb_column][et_pb_column type=&#8221;1_3&#8243; _builder_version=&#8221;4.27.4&#8243; _module_preset=&#8221;default&#8221; custom_padding=&#8221;||||false|false&#8221; global_colors_info=&#8221;{}&#8221;][et_pb_blurb title=&#8221;Integrarea pachetelor CAA \u00een sala de clas\u0103&#8221; url=&#8221;https:\/\/view.genially.com\/67eaa9206280c05152aa7f79\/interactive-content-plural-words-modul-de-e-learning-5&#8243; url_new_window=&#8221;on&#8221; image=&#8221;@ET-DC@eyJkeW5hbWljIjp0cnVlLCJjb250ZW50IjoiY3VzdG9tX21ldGFfbW9kdWxlX2ltYWdlXzUiLCJzZXR0aW5ncyI6eyJiZWZvcmUiOiIiLCJhZnRlciI6IiIsImVuYWJsZV9odG1sIjoib2ZmIn19@&#8221; _builder_version=&#8221;4.27.4&#8243; _dynamic_attributes=&#8221;image&#8221; _module_preset=&#8221;76b221a8-589e-4571-abd7-bab09deb4129&#8243; background_color=&#8221;#FFCA23&#8243; link_option_url=&#8221;https:\/\/view.genially.com\/67eaa9206280c05152aa7f79\/interactive-content-plural-words-modul-de-e-learning-5&#8243; link_option_url_new_window=&#8221;on&#8221; global_colors_info=&#8221;{}&#8221;]<\/p>\n<p>\u00cencepe\u021bi modulul 5<\/p>\n<p>[\/et_pb_blurb][\/et_pb_column][et_pb_column type=&#8221;1_3&#8243; _builder_version=&#8221;4.27.4&#8243; _module_preset=&#8221;default&#8221; custom_padding=&#8221;||||false|false&#8221; global_colors_info=&#8221;{}&#8221;][et_pb_blurb title=&#8221;Rezolvarea provoc\u0103rilor legate de utilizarea CAA \u00een clas\u0103&#8221; url=&#8221;https:\/\/view.genially.com\/67eb9bc327d4b5e40efee799\/interactive-content-plural-words-modul-de-e-learning-6&#8243; url_new_window=&#8221;on&#8221; image=&#8221;@ET-DC@eyJkeW5hbWljIjp0cnVlLCJjb250ZW50IjoiY3VzdG9tX21ldGFfbW9kdWxlX2ltYWdlXzYiLCJzZXR0aW5ncyI6eyJiZWZvcmUiOiIiLCJhZnRlciI6IiIsImVuYWJsZV9odG1sIjoib2ZmIn19@&#8221; _builder_version=&#8221;4.27.4&#8243; _dynamic_attributes=&#8221;image&#8221; _module_preset=&#8221;76b221a8-589e-4571-abd7-bab09deb4129&#8243; background_color=&#8221;#FFCA23&#8243; link_option_url=&#8221;https:\/\/view.genially.com\/67eb9bc327d4b5e40efee799\/interactive-content-plural-words-modul-de-e-learning-6&#8243; link_option_url_new_window=&#8221;on&#8221; global_colors_info=&#8221;{}&#8221;]<\/p>\n<p>\u00cencepe\u021bi modulul 6<\/p>\n<p>[\/et_pb_blurb][\/et_pb_column][\/et_pb_row][et_pb_row _builder_version=&#8221;4.27.4&#8243; _module_preset=&#8221;default&#8221; custom_margin=&#8221;80px||||false|false&#8221; global_colors_info=&#8221;{}&#8221;][et_pb_column type=&#8221;4_4&#8243; _builder_version=&#8221;4.27.4&#8243; _module_preset=&#8221;default&#8221; global_colors_info=&#8221;{}&#8221;][et_pb_text _builder_version=&#8221;4.27.4&#8243; _module_preset=&#8221;default&#8221; global_colors_info=&#8221;{}&#8221;]<\/p>\n<h2>Fi\u0219e de lucru<\/h2>\n<p>[\/et_pb_text][\/et_pb_column][\/et_pb_row][et_pb_row column_structure=&#8221;1_4,1_4,1_4,1_4&#8243; use_custom_gutter=&#8221;on&#8221; gutter_width=&#8221;2&#8243; _builder_version=&#8221;4.27.4&#8243; _module_preset=&#8221;default&#8221; global_colors_info=&#8221;{}&#8221;][et_pb_column type=&#8221;1_4&#8243; _builder_version=&#8221;4.27.4&#8243; _module_preset=&#8221;default&#8221; global_colors_info=&#8221;{}&#8221;][et_pb_blurb title=&#8221;Modulul 3 : Formular de evaluare pentru CAA&#8221; url=&#8221;https:\/\/plural-words.eu\/wp-content\/uploads\/2025\/07\/Lesson-3_AAC-Assessment-Form_RO.pdf&#8221; url_new_window=&#8221;on&#8221; _builder_version=&#8221;4.27.4&#8243; _module_preset=&#8221;4a3c189e-6a5a-48b5-b401-7c79883e4b2f&#8221; link_option_url=&#8221;https:\/\/plural-words.eu\/wp-content\/uploads\/2025\/07\/Lesson-3_AAC-Assessment-Form_RO.pdf&#8221; link_option_url_new_window=&#8221;on&#8221; global_colors_info=&#8221;{}&#8221; background__hover_enabled=&#8221;on|desktop&#8221; image=&#8221;@ET-DC@eyJkeW5hbWljIjp0cnVlLCJjb250ZW50IjoiY3VzdG9tX21ldGFfbW9kdWxlXzNfd29ya3NoZWV0X3RodW1ibmFpbCIsInNldHRpbmdzIjp7ImJlZm9yZSI6IiIsImFmdGVyIjoiIiwiZW5hYmxlX2h0bWwiOiJvZmYifX0=@&#8221; _dynamic_attributes=&#8221;image&#8221;]<\/p>\n<p>Desc\u0103rca\u021bi<\/p>\n<p>[\/et_pb_blurb][\/et_pb_column][et_pb_column type=&#8221;1_4&#8243; _builder_version=&#8221;4.27.4&#8243; _module_preset=&#8221;default&#8221; global_colors_info=&#8221;{}&#8221;][et_pb_blurb title=&#8221;Modulul 4 : Adaptarea c\u0103r\u021bilor pentru CAA&#8221; url=&#8221;https:\/\/plural-words.eu\/wp-content\/uploads\/2025\/07\/AAC-Book-Planning-Worksheet_-RO.pdf&#8221; url_new_window=&#8221;on&#8221; _builder_version=&#8221;4.27.4&#8243; _module_preset=&#8221;4a3c189e-6a5a-48b5-b401-7c79883e4b2f&#8221; link_option_url=&#8221;https:\/\/plural-words.eu\/wp-content\/uploads\/2025\/07\/AAC-Book-Planning-Worksheet_-RO.pdf&#8221; link_option_url_new_window=&#8221;on&#8221; global_colors_info=&#8221;{}&#8221; background__hover_enabled=&#8221;on|desktop&#8221; image=&#8221;@ET-DC@eyJkeW5hbWljIjp0cnVlLCJjb250ZW50IjoiY3VzdG9tX21ldGFfbW9kdWxlXzRfd29ya3NoZWV0X3RodW1ibmFpbF8xIiwic2V0dGluZ3MiOnsiYmVmb3JlIjoiIiwiYWZ0ZXIiOiIiLCJlbmFibGVfaHRtbCI6Im9mZiJ9fQ==@&#8221; _dynamic_attributes=&#8221;image&#8221;]<\/p>\n<p>Desc\u0103rca\u021bi<\/p>\n<p>[\/et_pb_blurb][\/et_pb_column][et_pb_column type=&#8221;1_4&#8243; _builder_version=&#8221;4.27.4&#8243; _module_preset=&#8221;default&#8221; global_colors_info=&#8221;{}&#8221;][et_pb_blurb title=&#8221;Modulul 4 : Grila de CAA&#8221; url=&#8221;https:\/\/plural-words.eu\/wp-content\/uploads\/2025\/07\/Lesson-4_AAC-Plane-Grid-Worksheet_EN-1.pdf&#8221; url_new_window=&#8221;on&#8221; _builder_version=&#8221;4.27.4&#8243; _module_preset=&#8221;4a3c189e-6a5a-48b5-b401-7c79883e4b2f&#8221; link_option_url=&#8221;https:\/\/plural-words.eu\/wp-content\/uploads\/2025\/07\/Lesson-4_AAC-Plane-Grid-Worksheet_EN-1.pdf&#8221; link_option_url_new_window=&#8221;on&#8221; hover_enabled=&#8221;0&#8243; global_colors_info=&#8221;{}&#8221; background__hover_enabled=&#8221;on|desktop&#8221; image=&#8221;@ET-DC@eyJkeW5hbWljIjp0cnVlLCJjb250ZW50IjoiY3VzdG9tX21ldGFfbW9kdWxlXzRfd29ya3NoZWV0X3RodW1ibmFpbF8yIiwic2V0dGluZ3MiOnsiYmVmb3JlIjoiIiwiYWZ0ZXIiOiIiLCJlbmFibGVfaHRtbCI6Im9mZiJ9fQ==@&#8221; _dynamic_attributes=&#8221;image&#8221; sticky_enabled=&#8221;0&#8243;]<\/p>\n<p>Desc\u0103rca\u021bi<\/p>\n<p>[\/et_pb_blurb][\/et_pb_column][et_pb_column type=&#8221;1_4&#8243; _builder_version=&#8221;4.27.4&#8243; _module_preset=&#8221;default&#8221; global_colors_info=&#8221;{}&#8221;][et_pb_blurb title=&#8221;Modulul 4 : Fi\u0219a de planificare a vocabularului&#8221; url=&#8221;https:\/\/plural-words.eu\/wp-content\/uploads\/2025\/07\/AAC-Vocabulary-Planning-Worksheet_-RO.pdf&#8221; url_new_window=&#8221;on&#8221; _builder_version=&#8221;4.27.4&#8243; _module_preset=&#8221;4a3c189e-6a5a-48b5-b401-7c79883e4b2f&#8221; link_option_url=&#8221;https:\/\/plural-words.eu\/wp-content\/uploads\/2025\/07\/AAC-Vocabulary-Planning-Worksheet_-RO.pdf&#8221; link_option_url_new_window=&#8221;on&#8221; hover_enabled=&#8221;0&#8243; global_colors_info=&#8221;{}&#8221; background__hover_enabled=&#8221;on|desktop&#8221; image=&#8221;@ET-DC@eyJkeW5hbWljIjp0cnVlLCJjb250ZW50IjoiY3VzdG9tX21ldGFfbW9kdWxlXzRfd29ya3NoZWV0X3RodW1ibmFpbF8zIiwic2V0dGluZ3MiOnsiYmVmb3JlIjoiIiwiYWZ0ZXIiOiIiLCJlbmFibGVfaHRtbCI6Im9mZiJ9fQ==@&#8221; _dynamic_attributes=&#8221;image&#8221; sticky_enabled=&#8221;0&#8243;]<\/p>\n<p>Desc\u0103rca\u021bi<\/p>\n<p>[\/et_pb_blurb][\/et_pb_column][\/et_pb_row][\/et_pb_section]<\/p>\n","protected":false},"excerpt":{"rendered":"<p>\u00cencepe\u021bi modulul 1\u00cencepe\u021bi modulul 2\u00cencepe\u021bi modulul 3\u00cencepe\u021bi modulul 4\u00cencepe\u021bi modulul 5\u00cencepe\u021bi modulul 6Fi\u0219e de lucruDesc\u0103rca\u021biDesc\u0103rca\u021biDesc\u0103rca\u021biDesc\u0103rca\u021bi<\/p>\n","protected":false},"author":1,"featured_media":0,"parent":0,"menu_order":0,"comment_status":"closed","ping_status":"closed","template":"","meta":{"_acf_changed":false,"_et_pb_use_builder":"on","_et_pb_old_content":"","_et_gb_content_width":"","footnotes":""},"class_list":["post-1269","page","type-page","status-publish","hentry"],"acf":[],"_links":{"self":[{"href":"https:\/\/plural-words.eu\/ro\/wp-json\/wp\/v2\/pages\/1269","targetHints":{"allow":["GET"]}}],"collection":[{"href":"https:\/\/plural-words.eu\/ro\/wp-json\/wp\/v2\/pages"}],"about":[{"href":"https:\/\/plural-words.eu\/ro\/wp-json\/wp\/v2\/types\/page"}],"author":[{"embeddable":true,"href":"https:\/\/plural-words.eu\/ro\/wp-json\/wp\/v2\/users\/1"}],"replies":[{"embeddable":true,"href":"https:\/\/plural-words.eu\/ro\/wp-json\/wp\/v2\/comments?post=1269"}],"version-history":[{"count":3,"href":"https:\/\/plural-words.eu\/ro\/wp-json\/wp\/v2\/pages\/1269\/revisions"}],"predecessor-version":[{"id":4304,"href":"https:\/\/plural-words.eu\/ro\/wp-json\/wp\/v2\/pages\/1269\/revisions\/4304"}],"wp:attachment":[{"href":"https:\/\/plural-words.eu\/ro\/wp-json\/wp\/v2\/media?parent=1269"}],"curies":[{"name":"wp","href":"https:\/\/api.w.org\/{rel}","templated":true}]}}